{"id":1778,"date":"2018-12-18T15:14:35","date_gmt":"2018-12-18T14:14:35","guid":{"rendered":"https:\/\/hakaora.com\/?page_id=1778"},"modified":"2021-08-26T15:37:30","modified_gmt":"2021-08-26T13:37:30","slug":"actualite","status":"publish","type":"page","link":"https:\/\/hakaora.com\/en\/actualite\/","title":{"rendered":"News"},"content":{"rendered":"<p>You can find here the adjudication prices of specialised auction room sales<\/p>\n\n\n\n<h3 class=\"wp-block-heading\"><a href=\"https:\/\/hakaora.com\/en\/?page_id=1781\">Canes news<\/a><\/h3>\n\n\n\n<p><\/p>","protected":false},"excerpt":{"rendered":"<p>Dans cette rubrique retrouvez l&rsquo;actualit\u00e9 r\u00e9cente ou plus ancienne sur un sujet, telle que par exemple les r\u00e9sultats de ventes aux ench\u00e8res sp\u00e9cialis\u00e9es , etc. Actualit\u00e9 Cannes<\/p>","protected":false},"author":1,"featured_media":0,"parent":0,"menu_order":0,"comment_status":"closed","ping_status":"closed","template":"","meta":{"footnotes":""},"class_list":["post-1778","page","type-page","status-publish","hentry"],"_links":{"self":[{"href":"https:\/\/hakaora.com\/en\/wp-json\/wp\/v2\/pages\/1778","targetHints":{"allow":["GET"]}}],"collection":[{"href":"https:\/\/hakaora.com\/en\/wp-json\/wp\/v2\/pages"}],"about":[{"href":"https:\/\/hakaora.com\/en\/wp-json\/wp\/v2\/types\/page"}],"author":[{"embeddable":true,"href":"https:\/\/hakaora.com\/en\/wp-json\/wp\/v2\/users\/1"}],"replies":[{"embeddable":true,"href":"https:\/\/hakaora.com\/en\/wp-json\/wp\/v2\/comments?post=1778"}],"version-history":[{"count":12,"href":"https:\/\/hakaora.com\/en\/wp-json\/wp\/v2\/pages\/1778\/revisions"}],"predecessor-version":[{"id":7999,"href":"https:\/\/hakaora.com\/en\/wp-json\/wp\/v2\/pages\/1778\/revisions\/7999"}],"wp:attachment":[{"href":"https:\/\/hakaora.com\/en\/wp-json\/wp\/v2\/media?parent=1778"}],"curies":[{"name":"wp","href":"https:\/\/api.w.org\/{rel}","templated":true}]}}