{"id":42,"date":"2018-08-27T12:44:48","date_gmt":"2018-08-27T10:44:48","guid":{"rendered":"http:\/\/hakaora.com\/?page_id=42"},"modified":"2021-08-26T15:45:20","modified_gmt":"2021-08-26T13:45:20","slug":"accueil","status":"publish","type":"page","link":"https:\/\/hakaora.com\/en\/","title":{"rendered":"Hakaora"},"content":{"rendered":"<p>Hakaora is a website where I want to share my passion for collections.<\/p>\n<p>Le site n&rsquo;\u00e0 pas pour vocation d&rsquo;\u00eatre un guide exclusif mais plus une pr\u00e9sentation de ces objets.<\/p>\n<h5>&#8211; Collection de cannes anciennes : <a href=\"https:\/\/hakaora.com\/en\/product-category\/collections\/cannes\/\">Voir toutes les cannes<\/a><\/h5>\n<p>Last products<\/p>\n<div class=\"woocommerce columns-4\"><ul class=\"products columns-4\">\n<li class=\"product type-product post-8395 status-publish first instock product_cat-autres-pommeaux product_cat-c-5-plus-de-500-e product_cat-cannes product_cat-cannes-a-pommeau has-post-thumbnail shipping-taxable purchasable product-type-simple\">\n\t<a href=\"https:\/\/hakaora.com\/en\/product\/canne-russe-avec-ourson\/\" class=\"woocommerce-LoopProduct-link woocommerce-loop-product__link\"><img fetchpriority=\"high\" decoding=\"async\" width=\"300\" height=\"300\" src=\"https:\/\/hakaora.com\/wp-content\/uploads\/2024\/10\/canne-jadeite-ours-argent-300x300.jpg\" class=\"attachment-woocommerce_thumbnail size-woocommerce_thumbnail\" alt=\"Canne russe avec ourson\" srcset=\"https:\/\/hakaora.com\/wp-content\/uploads\/2024\/10\/canne-jadeite-ours-argent-300x300.jpg 300w, https:\/\/hakaora.com\/wp-content\/uploads\/2024\/10\/canne-jadeite-ours-argent-1024x1024.jpg 1024w, https:\/\/hakaora.com\/wp-content\/uploads\/2024\/10\/canne-jadeite-ours-argent-150x150.jpg 150w, https:\/\/hakaora.com\/wp-content\/uploads\/2024\/10\/canne-jadeite-ours-argent-768x768.jpg 768w, https:\/\/hakaora.com\/wp-content\/uploads\/2024\/10\/canne-jadeite-ours-argent-12x12.jpg 12w, https:\/\/hakaora.com\/wp-content\/uploads\/2024\/10\/canne-jadeite-ours-argent-690x690.jpg 690w, https:\/\/hakaora.com\/wp-content\/uploads\/2024\/10\/canne-jadeite-ours-argent-980x980.jpg 980w, https:\/\/hakaora.com\/wp-content\/uploads\/2024\/10\/canne-jadeite-ours-argent-600x600.jpg 600w, https:\/\/hakaora.com\/wp-content\/uploads\/2024\/10\/canne-jadeite-ours-argent-100x100.jpg 100w, https:\/\/hakaora.com\/wp-content\/uploads\/2024\/10\/canne-jadeite-ours-argent.jpg 1200w\" sizes=\"(max-width: 300px) 100vw, 300px\" \/><h2 class=\"woocommerce-loop-product__title\">Canne russe avec ourson<\/h2>\n<\/a><\/li>\n<li class=\"product type-product post-8392 status-publish instock product_cat-autres-pommeaux product_cat-c-5-plus-de-500-e product_cat-cannes-a-pommeau has-post-thumbnail shipping-taxable purchasable product-type-simple\">\n\t<a href=\"https:\/\/hakaora.com\/en\/product\/8392\/\" class=\"woocommerce-LoopProduct-link woocommerce-loop-product__link\"><img decoding=\"async\" width=\"300\" height=\"300\" src=\"https:\/\/hakaora.com\/wp-content\/uploads\/2024\/10\/canne-jadeite-300x300.jpg\" class=\"attachment-woocommerce_thumbnail size-woocommerce_thumbnail\" alt=\"Canne russe\" srcset=\"https:\/\/hakaora.com\/wp-content\/uploads\/2024\/10\/canne-jadeite-300x300.jpg 300w, https:\/\/hakaora.com\/wp-content\/uploads\/2024\/10\/canne-jadeite-1024x1024.jpg 1024w, https:\/\/hakaora.com\/wp-content\/uploads\/2024\/10\/canne-jadeite-150x150.jpg 150w, https:\/\/hakaora.com\/wp-content\/uploads\/2024\/10\/canne-jadeite-768x768.jpg 768w, https:\/\/hakaora.com\/wp-content\/uploads\/2024\/10\/canne-jadeite-12x12.jpg 12w, https:\/\/hakaora.com\/wp-content\/uploads\/2024\/10\/canne-jadeite-690x690.jpg 690w, https:\/\/hakaora.com\/wp-content\/uploads\/2024\/10\/canne-jadeite-980x980.jpg 980w, https:\/\/hakaora.com\/wp-content\/uploads\/2024\/10\/canne-jadeite-600x600.jpg 600w, https:\/\/hakaora.com\/wp-content\/uploads\/2024\/10\/canne-jadeite-100x100.jpg 100w, https:\/\/hakaora.com\/wp-content\/uploads\/2024\/10\/canne-jadeite.jpg 1200w\" sizes=\"(max-width: 300px) 100vw, 300px\" \/><h2 class=\"woocommerce-loop-product__title\">Canne russe<\/h2><\/a><\/li>\n<li class=\"product type-product post-8389 status-publish instock product_cat-boire product_cat-c-4-350-a-500-e product_cat-cannes product_cat-cannes-a-systeme has-post-thumbnail shipping-taxable purchasable product-type-simple\">\n\t<a href=\"https:\/\/hakaora.com\/en\/product\/canne-fume-cigarette\/\" class=\"woocommerce-LoopProduct-link woocommerce-loop-product__link\"><img decoding=\"async\" width=\"300\" height=\"300\" src=\"https:\/\/hakaora.com\/wp-content\/uploads\/2024\/10\/canne-fume-cigarette-300x300.jpg\" class=\"attachment-woocommerce_thumbnail size-woocommerce_thumbnail\" alt=\"Canne fume cigarette\" srcset=\"https:\/\/hakaora.com\/wp-content\/uploads\/2024\/10\/canne-fume-cigarette-300x300.jpg 300w, https:\/\/hakaora.com\/wp-content\/uploads\/2024\/10\/canne-fume-cigarette-1024x1024.jpg 1024w, https:\/\/hakaora.com\/wp-content\/uploads\/2024\/10\/canne-fume-cigarette-150x150.jpg 150w, https:\/\/hakaora.com\/wp-content\/uploads\/2024\/10\/canne-fume-cigarette-768x768.jpg 768w, https:\/\/hakaora.com\/wp-content\/uploads\/2024\/10\/canne-fume-cigarette-12x12.jpg 12w, https:\/\/hakaora.com\/wp-content\/uploads\/2024\/10\/canne-fume-cigarette-690x690.jpg 690w, https:\/\/hakaora.com\/wp-content\/uploads\/2024\/10\/canne-fume-cigarette-980x980.jpg 980w, https:\/\/hakaora.com\/wp-content\/uploads\/2024\/10\/canne-fume-cigarette-600x600.jpg 600w, https:\/\/hakaora.com\/wp-content\/uploads\/2024\/10\/canne-fume-cigarette-100x100.jpg 100w, https:\/\/hakaora.com\/wp-content\/uploads\/2024\/10\/canne-fume-cigarette.jpg 1200w\" sizes=\"(max-width: 300px) 100vw, 300px\" \/><h2 class=\"woocommerce-loop-product__title\">Canne fume cigarette<\/h2><\/a><\/li>\n<li class=\"product type-product post-8386 status-publish last instock product_cat-c-3-250-a-350-e product_cat-cannes product_cat-cannes-a-systeme product_cat-cannes-divers has-post-thumbnail shipping-taxable purchasable product-type-simple\">\n\t<a href=\"https:\/\/hakaora.com\/en\/product\/canne-porte-pieces-de-monnaie\/\" class=\"woocommerce-LoopProduct-link woocommerce-loop-product__link\"><img loading=\"lazy\" decoding=\"async\" width=\"300\" height=\"300\" src=\"https:\/\/hakaora.com\/wp-content\/uploads\/2024\/10\/canne-porte-pieces--300x300.jpg\" class=\"attachment-woocommerce_thumbnail size-woocommerce_thumbnail\" alt=\"Canne porte pi\u00e8ces de monnaie\" srcset=\"https:\/\/hakaora.com\/wp-content\/uploads\/2024\/10\/canne-porte-pieces--300x300.jpg 300w, https:\/\/hakaora.com\/wp-content\/uploads\/2024\/10\/canne-porte-pieces--1024x1024.jpg 1024w, https:\/\/hakaora.com\/wp-content\/uploads\/2024\/10\/canne-porte-pieces--150x150.jpg 150w, https:\/\/hakaora.com\/wp-content\/uploads\/2024\/10\/canne-porte-pieces--768x768.jpg 768w, https:\/\/hakaora.com\/wp-content\/uploads\/2024\/10\/canne-porte-pieces--12x12.jpg 12w, https:\/\/hakaora.com\/wp-content\/uploads\/2024\/10\/canne-porte-pieces--690x690.jpg 690w, https:\/\/hakaora.com\/wp-content\/uploads\/2024\/10\/canne-porte-pieces--980x980.jpg 980w, https:\/\/hakaora.com\/wp-content\/uploads\/2024\/10\/canne-porte-pieces--600x600.jpg 600w, https:\/\/hakaora.com\/wp-content\/uploads\/2024\/10\/canne-porte-pieces--100x100.jpg 100w, https:\/\/hakaora.com\/wp-content\/uploads\/2024\/10\/canne-porte-pieces-.jpg 1200w\" sizes=\"(max-width: 300px) 100vw, 300px\" \/><h2 class=\"woocommerce-loop-product__title\">Canne porte pi\u00e8ces de monnaie<\/h2><\/a><\/li>\n<li class=\"product type-product post-8383 status-publish first instock product_cat-c-5-plus-de-500-e product_cat-cannes product_cat-cannes-a-pommeau product_cat-pommeau-en-os has-post-thumbnail shipping-taxable purchasable product-type-simple\">\n\t<a href=\"https:\/\/hakaora.com\/en\/product\/canne-de-marin-9\/\" class=\"woocommerce-LoopProduct-link woocommerce-loop-product__link\"><img loading=\"lazy\" decoding=\"async\" width=\"300\" height=\"300\" src=\"https:\/\/hakaora.com\/wp-content\/uploads\/2024\/10\/canne-de-marin-300x300.jpg\" class=\"attachment-woocommerce_thumbnail size-woocommerce_thumbnail\" alt=\"Canne de marin\" srcset=\"https:\/\/hakaora.com\/wp-content\/uploads\/2024\/10\/canne-de-marin-300x300.jpg 300w, https:\/\/hakaora.com\/wp-content\/uploads\/2024\/10\/canne-de-marin-1024x1024.jpg 1024w, https:\/\/hakaora.com\/wp-content\/uploads\/2024\/10\/canne-de-marin-150x150.jpg 150w, https:\/\/hakaora.com\/wp-content\/uploads\/2024\/10\/canne-de-marin-768x768.jpg 768w, https:\/\/hakaora.com\/wp-content\/uploads\/2024\/10\/canne-de-marin-12x12.jpg 12w, https:\/\/hakaora.com\/wp-content\/uploads\/2024\/10\/canne-de-marin-690x690.jpg 690w, https:\/\/hakaora.com\/wp-content\/uploads\/2024\/10\/canne-de-marin-980x980.jpg 980w, https:\/\/hakaora.com\/wp-content\/uploads\/2024\/10\/canne-de-marin-600x600.jpg 600w, https:\/\/hakaora.com\/wp-content\/uploads\/2024\/10\/canne-de-marin-100x100.jpg 100w, https:\/\/hakaora.com\/wp-content\/uploads\/2024\/10\/canne-de-marin.jpg 1200w\" sizes=\"(max-width: 300px) 100vw, 300px\" \/><h2 class=\"woocommerce-loop-product__title\">Sailor cane<\/h2><\/a><\/li>\n<li class=\"product type-product post-8380 status-publish instock product_cat-autres-systemes product_cat-c-3-250-a-350-e product_cat-cannes product_cat-cannes-divers has-post-thumbnail shipping-taxable purchasable product-type-simple\">\n\t<a href=\"https:\/\/hakaora.com\/en\/product\/canne-sunday-club-4\/\" class=\"woocommerce-LoopProduct-link woocommerce-loop-product__link\"><img loading=\"lazy\" decoding=\"async\" width=\"300\" height=\"300\" src=\"https:\/\/hakaora.com\/wp-content\/uploads\/2024\/10\/sunday-golf-canne-300x300.jpg\" class=\"attachment-woocommerce_thumbnail size-woocommerce_thumbnail\" alt=\"Canne sunday club\" srcset=\"https:\/\/hakaora.com\/wp-content\/uploads\/2024\/10\/sunday-golf-canne-300x300.jpg 300w, https:\/\/hakaora.com\/wp-content\/uploads\/2024\/10\/sunday-golf-canne-1024x1024.jpg 1024w, https:\/\/hakaora.com\/wp-content\/uploads\/2024\/10\/sunday-golf-canne-150x150.jpg 150w, https:\/\/hakaora.com\/wp-content\/uploads\/2024\/10\/sunday-golf-canne-768x768.jpg 768w, https:\/\/hakaora.com\/wp-content\/uploads\/2024\/10\/sunday-golf-canne-12x12.jpg 12w, https:\/\/hakaora.com\/wp-content\/uploads\/2024\/10\/sunday-golf-canne-690x690.jpg 690w, https:\/\/hakaora.com\/wp-content\/uploads\/2024\/10\/sunday-golf-canne-980x980.jpg 980w, https:\/\/hakaora.com\/wp-content\/uploads\/2024\/10\/sunday-golf-canne-600x600.jpg 600w, https:\/\/hakaora.com\/wp-content\/uploads\/2024\/10\/sunday-golf-canne-100x100.jpg 100w, https:\/\/hakaora.com\/wp-content\/uploads\/2024\/10\/sunday-golf-canne.jpg 1200w\" sizes=\"(max-width: 300px) 100vw, 300px\" \/><h2 class=\"woocommerce-loop-product__title\">Sunday club<\/h2><\/a><\/li>\n<li class=\"product type-product post-8368 status-publish instock product_cat-autres-systemes has-post-thumbnail shipping-taxable purchasable product-type-simple\">\n\t<a href=\"https:\/\/hakaora.com\/en\/product\/canne-a-poudrer-les-gants\/\" class=\"woocommerce-LoopProduct-link woocommerce-loop-product__link\"><img loading=\"lazy\" decoding=\"async\" width=\"300\" height=\"300\" src=\"https:\/\/hakaora.com\/wp-content\/uploads\/2024\/01\/Capture-decran-2024-01-18-a-17.46.22-300x300.png\" class=\"attachment-woocommerce_thumbnail size-woocommerce_thumbnail\" alt=\"Canne \u00e0 poudrer les gants\" srcset=\"https:\/\/hakaora.com\/wp-content\/uploads\/2024\/01\/Capture-decran-2024-01-18-a-17.46.22-300x300.png 300w, https:\/\/hakaora.com\/wp-content\/uploads\/2024\/01\/Capture-decran-2024-01-18-a-17.46.22-150x150.png 150w, https:\/\/hakaora.com\/wp-content\/uploads\/2024\/01\/Capture-decran-2024-01-18-a-17.46.22-12x12.png 12w, https:\/\/hakaora.com\/wp-content\/uploads\/2024\/01\/Capture-decran-2024-01-18-a-17.46.22-100x100.png 100w\" sizes=\"(max-width: 300px) 100vw, 300px\" \/><h2 class=\"woocommerce-loop-product__title\">Canne \u00e0 poudrer les gants<\/h2><\/a><\/li>\n<li class=\"product type-product post-8365 status-publish last instock product_cat-boire product_cat-c-4-350-a-500-e has-post-thumbnail shipping-taxable purchasable product-type-simple\">\n\t<a href=\"https:\/\/hakaora.com\/en\/product\/canne-rape-a-tabac\/\" class=\"woocommerce-LoopProduct-link woocommerce-loop-product__link\"><img loading=\"lazy\" decoding=\"async\" width=\"300\" height=\"300\" src=\"https:\/\/hakaora.com\/wp-content\/uploads\/2024\/01\/Capture-decran-2024-01-18-a-17.38.11-300x300.png\" class=\"attachment-woocommerce_thumbnail size-woocommerce_thumbnail\" alt=\"Canne rape \u00e0 Tabac\" srcset=\"https:\/\/hakaora.com\/wp-content\/uploads\/2024\/01\/Capture-decran-2024-01-18-a-17.38.11-300x300.png 300w, https:\/\/hakaora.com\/wp-content\/uploads\/2024\/01\/Capture-decran-2024-01-18-a-17.38.11-150x150.png 150w, https:\/\/hakaora.com\/wp-content\/uploads\/2024\/01\/Capture-decran-2024-01-18-a-17.38.11-12x12.png 12w, https:\/\/hakaora.com\/wp-content\/uploads\/2024\/01\/Capture-decran-2024-01-18-a-17.38.11-100x100.png 100w\" sizes=\"(max-width: 300px) 100vw, 300px\" \/><h2 class=\"woocommerce-loop-product__title\">Canne rape \u00e0 Tabac<\/h2><\/a><\/li>\n<\/ul>\n<\/div>\n<h5>&#8211; Collection de couteaux anciens (\u00e0 venir)<\/h5>\n<p>Our knives for sale are on <a href=\"https:\/\/ebroc.fr\/index.php\/categorie-produit\/canifs-couteaux\/\">www.ebroc.fr<\/a><\/p>","protected":false},"excerpt":{"rendered":"<p>Sur Hakaora, je souhaite partager avec vous ma passion pour les objets anciens. Le site n&rsquo;\u00e0 pas pour vocation d&rsquo;\u00eatre un guide exclusif mais plus une pr\u00e9sentation de ces objets. &#8211; Collection de cannes anciennes : Voir toutes les cannes Nouveaut\u00e9s &#8211; Collection de couteaux anciens (\u00e0 venir) Nos couteaux en vente sont visibles sur [&hellip;]<\/p>\n","protected":false},"author":1,"featured_media":0,"parent":0,"menu_order":0,"comment_status":"closed","ping_status":"closed","template":"","meta":{"footnotes":""},"class_list":["post-42","page","type-page","status-publish","hentry"],"_links":{"self":[{"href":"https:\/\/hakaora.com\/en\/wp-json\/wp\/v2\/pages\/42","targetHints":{"allow":["GET"]}}],"collection":[{"href":"https:\/\/hakaora.com\/en\/wp-json\/wp\/v2\/pages"}],"about":[{"href":"https:\/\/hakaora.com\/en\/wp-json\/wp\/v2\/types\/page"}],"author":[{"embeddable":true,"href":"https:\/\/hakaora.com\/en\/wp-json\/wp\/v2\/users\/1"}],"replies":[{"embeddable":true,"href":"https:\/\/hakaora.com\/en\/wp-json\/wp\/v2\/comments?post=42"}],"version-history":[{"count":56,"href":"https:\/\/hakaora.com\/en\/wp-json\/wp\/v2\/pages\/42\/revisions"}],"predecessor-version":[{"id":8002,"href":"https:\/\/hakaora.com\/en\/wp-json\/wp\/v2\/pages\/42\/revisions\/8002"}],"wp:attachment":[{"href":"https:\/\/hakaora.com\/en\/wp-json\/wp\/v2\/media?parent=42"}],"curies":[{"name":"wp","href":"https:\/\/api.w.org\/{rel}","templated":true}]}}