{"id":7934,"date":"2021-05-03T11:22:25","date_gmt":"2021-05-03T09:22:25","guid":{"rendered":"https:\/\/hakaora.com\/?page_id=7934"},"modified":"2021-05-25T11:01:30","modified_gmt":"2021-05-25T09:01:30","slug":"attention-faux","status":"publish","type":"page","link":"https:\/\/hakaora.com\/en\/attention-faux\/","title":{"rendered":"Faux Ancien"},"content":{"rendered":"<div data-elementor-type=\"wp-page\" data-elementor-id=\"7934\" class=\"elementor elementor-7934\">\n\t\t\t\t\t\t<section class=\"elementor-section elementor-top-section elementor-element elementor-element-6b939f15 elementor-section-boxed elementor-section-height-default elementor-section-height-default\" data-id=\"6b939f15\" data-element_type=\"section\" data-e-type=\"section\">\n\t\t\t\t\t\t<div class=\"elementor-container elementor-column-gap-default\">\n\t\t\t\t\t<div class=\"elementor-column elementor-col-100 elementor-top-column elementor-element elementor-element-9690ced\" data-id=\"9690ced\" data-element_type=\"column\" data-e-type=\"column\">\n\t\t\t<div class=\"elementor-widget-wrap elementor-element-populated\">\n\t\t\t\t\t\t<div class=\"elementor-element elementor-element-60d07e24 elementor-widget elementor-widget-text-editor\" data-id=\"60d07e24\" data-element_type=\"widget\" data-e-type=\"widget\" data-widget_type=\"text-editor.default\">\n\t\t\t\t<div class=\"elementor-widget-container\">\n\t\t\t\t\t\t\t\t\t\n<p>Be careful a lot of walking sticks are sold for antiques and in fact they are brand new.<\/p>\n\n<p>You can easily recongnised them at the brass link between pommel and shaft. A lot of this handles are sold in antiques fairs in the UK. Even on famous fair like Newark. But please note that most of the time they are sold as recent and made in China.<\/p>\n\n<p>Je ne remet pas en cause le cot\u00e9 esth\u00e9tique de la canne mais sa valeur. ce type de pommeau n&rsquo;est pas rare et se vend pr\u00eat \u00e0 monter entre 25 et 45\u00a3.<\/p>\n\n<p>Here some examples :<\/p>\n\n<figure class=\"wp-block-gallery columns-3 is-cropped wp-block-gallery-2 is-layout-flex wp-block-gallery-is-layout-flex\">\n<ul class=\"blocks-gallery-grid\">\n<li class=\"blocks-gallery-item\">\n<figure><a href=\"https:\/\/hakaora.com\/wp-content\/uploads\/2021\/05\/Capture-decran-2021-05-03-a-11.09.20-574x1024.png\"><img fetchpriority=\"high\" decoding=\"async\" width=\"574\" height=\"1024\" class=\"wp-image-7935\" src=\"https:\/\/hakaora.com\/wp-content\/uploads\/2021\/05\/Capture-decran-2021-05-03-a-11.09.20-574x1024.png\" alt=\"\" data-id=\"7935\" data-link=\"https:\/\/hakaora.com\/?attachment_id=7935\" srcset=\"https:\/\/hakaora.com\/wp-content\/uploads\/2021\/05\/Capture-decran-2021-05-03-a-11.09.20-574x1024.png 574w, https:\/\/hakaora.com\/wp-content\/uploads\/2021\/05\/Capture-decran-2021-05-03-a-11.09.20-168x300.png 168w, https:\/\/hakaora.com\/wp-content\/uploads\/2021\/05\/Capture-decran-2021-05-03-a-11.09.20-7x12.png 7w, https:\/\/hakaora.com\/wp-content\/uploads\/2021\/05\/Capture-decran-2021-05-03-a-11.09.20.png 585w\" sizes=\"(max-width: 574px) 100vw, 574px\" \/><\/a><\/figure>\n<\/li>\n<li class=\"blocks-gallery-item\">\n<figure><a href=\"https:\/\/hakaora.com\/wp-content\/uploads\/2021\/05\/Capture-decran-2021-05-03-a-11.09.37-538x1024.png\"><img decoding=\"async\" width=\"538\" height=\"1024\" class=\"wp-image-7936\" src=\"https:\/\/hakaora.com\/wp-content\/uploads\/2021\/05\/Capture-decran-2021-05-03-a-11.09.37-538x1024.png\" alt=\"\" data-id=\"7936\" data-link=\"https:\/\/hakaora.com\/?attachment_id=7936\" srcset=\"https:\/\/hakaora.com\/wp-content\/uploads\/2021\/05\/Capture-decran-2021-05-03-a-11.09.37-538x1024.png 538w, https:\/\/hakaora.com\/wp-content\/uploads\/2021\/05\/Capture-decran-2021-05-03-a-11.09.37-158x300.png 158w, https:\/\/hakaora.com\/wp-content\/uploads\/2021\/05\/Capture-decran-2021-05-03-a-11.09.37-6x12.png 6w, https:\/\/hakaora.com\/wp-content\/uploads\/2021\/05\/Capture-decran-2021-05-03-a-11.09.37.png 546w\" sizes=\"(max-width: 538px) 100vw, 538px\" \/><\/a><\/figure>\n<\/li>\n<li class=\"blocks-gallery-item\">\n<figure><a href=\"https:\/\/hakaora.com\/wp-content\/uploads\/2021\/05\/Capture-decran-2021-05-03-a-11.09.53-555x1024.png\"><img decoding=\"async\" width=\"555\" height=\"1024\" class=\"wp-image-7937\" src=\"https:\/\/hakaora.com\/wp-content\/uploads\/2021\/05\/Capture-decran-2021-05-03-a-11.09.53-555x1024.png\" alt=\"\" data-id=\"7937\" data-link=\"https:\/\/hakaora.com\/?attachment_id=7937\" srcset=\"https:\/\/hakaora.com\/wp-content\/uploads\/2021\/05\/Capture-decran-2021-05-03-a-11.09.53-555x1024.png 555w, https:\/\/hakaora.com\/wp-content\/uploads\/2021\/05\/Capture-decran-2021-05-03-a-11.09.53-163x300.png 163w, https:\/\/hakaora.com\/wp-content\/uploads\/2021\/05\/Capture-decran-2021-05-03-a-11.09.53-7x12.png 7w, https:\/\/hakaora.com\/wp-content\/uploads\/2021\/05\/Capture-decran-2021-05-03-a-11.09.53.png 565w\" sizes=\"(max-width: 555px) 100vw, 555px\" \/><\/a><\/figure>\n<\/li>\n<li class=\"blocks-gallery-item\">\n<figure><a href=\"https:\/\/hakaora.com\/wp-content\/uploads\/2021\/05\/Capture-decran-2021-05-03-a-11.10.06-555x1024.png\"><img loading=\"lazy\" decoding=\"async\" width=\"555\" height=\"1024\" class=\"wp-image-7938\" src=\"https:\/\/hakaora.com\/wp-content\/uploads\/2021\/05\/Capture-decran-2021-05-03-a-11.10.06-555x1024.png\" alt=\"\" data-id=\"7938\" data-link=\"https:\/\/hakaora.com\/?attachment_id=7938\" srcset=\"https:\/\/hakaora.com\/wp-content\/uploads\/2021\/05\/Capture-decran-2021-05-03-a-11.10.06-555x1024.png 555w, https:\/\/hakaora.com\/wp-content\/uploads\/2021\/05\/Capture-decran-2021-05-03-a-11.10.06-163x300.png 163w, https:\/\/hakaora.com\/wp-content\/uploads\/2021\/05\/Capture-decran-2021-05-03-a-11.10.06-7x12.png 7w, https:\/\/hakaora.com\/wp-content\/uploads\/2021\/05\/Capture-decran-2021-05-03-a-11.10.06.png 565w\" sizes=\"(max-width: 555px) 100vw, 555px\" \/><\/a><\/figure>\n<\/li>\n<li class=\"blocks-gallery-item\">\n<figure><a href=\"https:\/\/hakaora.com\/wp-content\/uploads\/2021\/05\/Capture-decran-2021-05-03-a-11.10.18-685x1024.png\"><img loading=\"lazy\" decoding=\"async\" width=\"685\" height=\"1024\" class=\"wp-image-7939\" src=\"https:\/\/hakaora.com\/wp-content\/uploads\/2021\/05\/Capture-decran-2021-05-03-a-11.10.18-685x1024.png\" alt=\"\" data-id=\"7939\" data-link=\"https:\/\/hakaora.com\/?attachment_id=7939\" srcset=\"https:\/\/hakaora.com\/wp-content\/uploads\/2021\/05\/Capture-decran-2021-05-03-a-11.10.18-685x1024.png 685w, https:\/\/hakaora.com\/wp-content\/uploads\/2021\/05\/Capture-decran-2021-05-03-a-11.10.18-201x300.png 201w, https:\/\/hakaora.com\/wp-content\/uploads\/2021\/05\/Capture-decran-2021-05-03-a-11.10.18-8x12.png 8w, https:\/\/hakaora.com\/wp-content\/uploads\/2021\/05\/Capture-decran-2021-05-03-a-11.10.18-690x1032.png 690w, https:\/\/hakaora.com\/wp-content\/uploads\/2021\/05\/Capture-decran-2021-05-03-a-11.10.18-600x897.png 600w, https:\/\/hakaora.com\/wp-content\/uploads\/2021\/05\/Capture-decran-2021-05-03-a-11.10.18.png 698w\" sizes=\"(max-width: 685px) 100vw, 685px\" \/><\/a><\/figure>\n<\/li>\n<li class=\"blocks-gallery-item\">\n<figure><a href=\"https:\/\/hakaora.com\/wp-content\/uploads\/2021\/05\/Capture-decran-2021-05-03-a-11.21.36.png\"><img loading=\"lazy\" decoding=\"async\" width=\"781\" height=\"791\" class=\"wp-image-7941\" src=\"https:\/\/hakaora.com\/wp-content\/uploads\/2021\/05\/Capture-decran-2021-05-03-a-11.21.36.png\" alt=\"\" data-id=\"7941\" data-full-url=\"https:\/\/hakaora.com\/wp-content\/uploads\/2021\/05\/Capture-decran-2021-05-03-a-11.21.36.png\" data-link=\"https:\/\/hakaora.com\/?attachment_id=7941\" srcset=\"https:\/\/hakaora.com\/wp-content\/uploads\/2021\/05\/Capture-decran-2021-05-03-a-11.21.36.png 781w, https:\/\/hakaora.com\/wp-content\/uploads\/2021\/05\/Capture-decran-2021-05-03-a-11.21.36-296x300.png 296w, https:\/\/hakaora.com\/wp-content\/uploads\/2021\/05\/Capture-decran-2021-05-03-a-11.21.36-768x778.png 768w, https:\/\/hakaora.com\/wp-content\/uploads\/2021\/05\/Capture-decran-2021-05-03-a-11.21.36-12x12.png 12w, https:\/\/hakaora.com\/wp-content\/uploads\/2021\/05\/Capture-decran-2021-05-03-a-11.21.36-690x699.png 690w, https:\/\/hakaora.com\/wp-content\/uploads\/2021\/05\/Capture-decran-2021-05-03-a-11.21.36-600x608.png 600w, https:\/\/hakaora.com\/wp-content\/uploads\/2021\/05\/Capture-decran-2021-05-03-a-11.21.36-100x100.png 100w\" sizes=\"(max-width: 781px) 100vw, 781px\" \/><\/a><\/figure>\n<\/li>\n<\/ul>\n<\/figure>\n<p>\u00a0 \u00a0\u00a0<\/p>\n\t\t\t\t\t\t\t\t<\/div>\n\t\t\t\t<\/div>\n\t\t\t\t\t<\/div>\n\t\t<\/div>\n\t\t\t\t\t<\/div>\n\t\t<\/section>\n\t\t\t\t<section class=\"elementor-section elementor-top-section elementor-element elementor-element-b9a9e07 elementor-section-boxed elementor-section-height-default elementor-section-height-default\" data-id=\"b9a9e07\" data-element_type=\"section\" data-e-type=\"section\">\n\t\t\t\t\t\t<div class=\"elementor-container elementor-column-gap-default\">\n\t\t\t\t\t<div class=\"elementor-column elementor-col-33 elementor-top-column elementor-element elementor-element-0de4238\" data-id=\"0de4238\" data-element_type=\"column\" data-e-type=\"column\">\n\t\t\t<div class=\"elementor-widget-wrap elementor-element-populated\">\n\t\t\t\t\t\t<div class=\"elementor-element elementor-element-f44b597 elementor-widget elementor-widget-image\" data-id=\"f44b597\" data-element_type=\"widget\" data-e-type=\"widget\" data-widget_type=\"image.default\">\n\t\t\t\t<div class=\"elementor-widget-container\">\n\t\t\t\t\t\t\t\t\t\t\t\t\t\t\t<img loading=\"lazy\" decoding=\"async\" width=\"252\" height=\"300\" src=\"https:\/\/hakaora.com\/wp-content\/uploads\/2021\/05\/Capture-decran-2021-05-24-a-12.20.25-252x300.png\" class=\"attachment-medium size-medium wp-image-7958\" alt=\"\" srcset=\"https:\/\/hakaora.com\/wp-content\/uploads\/2021\/05\/Capture-decran-2021-05-24-a-12.20.25-252x300.png 252w, https:\/\/hakaora.com\/wp-content\/uploads\/2021\/05\/Capture-decran-2021-05-24-a-12.20.25-768x914.png 768w, https:\/\/hakaora.com\/wp-content\/uploads\/2021\/05\/Capture-decran-2021-05-24-a-12.20.25-10x12.png 10w, https:\/\/hakaora.com\/wp-content\/uploads\/2021\/05\/Capture-decran-2021-05-24-a-12.20.25-690x821.png 690w, https:\/\/hakaora.com\/wp-content\/uploads\/2021\/05\/Capture-decran-2021-05-24-a-12.20.25-600x714.png 600w, https:\/\/hakaora.com\/wp-content\/uploads\/2021\/05\/Capture-decran-2021-05-24-a-12.20.25-e1621932783107.png 565w\" sizes=\"(max-width: 252px) 100vw, 252px\" \/>\t\t\t\t\t\t\t\t\t\t\t\t\t\t\t<\/div>\n\t\t\t\t<\/div>\n\t\t\t\t\t<\/div>\n\t\t<\/div>\n\t\t\t\t<div class=\"elementor-column elementor-col-33 elementor-top-column elementor-element elementor-element-1658e23\" data-id=\"1658e23\" data-element_type=\"column\" data-e-type=\"column\">\n\t\t\t<div class=\"elementor-widget-wrap elementor-element-populated\">\n\t\t\t\t\t\t<div class=\"elementor-element elementor-element-52a7993 elementor-widget elementor-widget-image\" data-id=\"52a7993\" data-element_type=\"widget\" data-e-type=\"widget\" data-widget_type=\"image.default\">\n\t\t\t\t<div class=\"elementor-widget-container\">\n\t\t\t\t\t\t\t\t\t\t\t\t\t\t\t<img loading=\"lazy\" decoding=\"async\" width=\"203\" height=\"300\" src=\"https:\/\/hakaora.com\/wp-content\/uploads\/2021\/05\/Capture-decran-2021-05-24-a-12.21.30-203x300.png\" class=\"attachment-medium size-medium wp-image-7960\" alt=\"\" srcset=\"https:\/\/hakaora.com\/wp-content\/uploads\/2021\/05\/Capture-decran-2021-05-24-a-12.21.30-203x300.png 203w, https:\/\/hakaora.com\/wp-content\/uploads\/2021\/05\/Capture-decran-2021-05-24-a-12.21.30-691x1024.png 691w, https:\/\/hakaora.com\/wp-content\/uploads\/2021\/05\/Capture-decran-2021-05-24-a-12.21.30-8x12.png 8w, https:\/\/hakaora.com\/wp-content\/uploads\/2021\/05\/Capture-decran-2021-05-24-a-12.21.30-690x1022.png 690w, https:\/\/hakaora.com\/wp-content\/uploads\/2021\/05\/Capture-decran-2021-05-24-a-12.21.30-600x889.png 600w, https:\/\/hakaora.com\/wp-content\/uploads\/2021\/05\/Capture-decran-2021-05-24-a-12.21.30-e1621932734122.png 565w\" sizes=\"(max-width: 203px) 100vw, 203px\" \/>\t\t\t\t\t\t\t\t\t\t\t\t\t\t\t<\/div>\n\t\t\t\t<\/div>\n\t\t\t\t\t<\/div>\n\t\t<\/div>\n\t\t\t\t<div class=\"elementor-column elementor-col-33 elementor-top-column elementor-element elementor-element-6a44b5e\" data-id=\"6a44b5e\" data-element_type=\"column\" data-e-type=\"column\">\n\t\t\t<div class=\"elementor-widget-wrap elementor-element-populated\">\n\t\t\t\t\t\t<div class=\"elementor-element elementor-element-649fcd5 elementor-widget elementor-widget-image\" data-id=\"649fcd5\" data-element_type=\"widget\" data-e-type=\"widget\" data-widget_type=\"image.default\">\n\t\t\t\t<div class=\"elementor-widget-container\">\n\t\t\t\t\t\t\t\t\t\t\t\t\t\t\t<img loading=\"lazy\" decoding=\"async\" width=\"203\" height=\"300\" src=\"https:\/\/hakaora.com\/wp-content\/uploads\/2021\/05\/Capture-decran-2021-05-24-a-12.21.14-203x300.png\" class=\"attachment-medium size-medium wp-image-7957\" alt=\"\" srcset=\"https:\/\/hakaora.com\/wp-content\/uploads\/2021\/05\/Capture-decran-2021-05-24-a-12.21.14-203x300.png 203w, https:\/\/hakaora.com\/wp-content\/uploads\/2021\/05\/Capture-decran-2021-05-24-a-12.21.14-691x1024.png 691w, https:\/\/hakaora.com\/wp-content\/uploads\/2021\/05\/Capture-decran-2021-05-24-a-12.21.14-8x12.png 8w, https:\/\/hakaora.com\/wp-content\/uploads\/2021\/05\/Capture-decran-2021-05-24-a-12.21.14-690x1022.png 690w, https:\/\/hakaora.com\/wp-content\/uploads\/2021\/05\/Capture-decran-2021-05-24-a-12.21.14-600x889.png 600w, https:\/\/hakaora.com\/wp-content\/uploads\/2021\/05\/Capture-decran-2021-05-24-a-12.21.14-e1621932796375.png 565w\" sizes=\"(max-width: 203px) 100vw, 203px\" \/>\t\t\t\t\t\t\t\t\t\t\t\t\t\t\t<\/div>\n\t\t\t\t<\/div>\n\t\t\t\t\t<\/div>\n\t\t<\/div>\n\t\t\t\t\t<\/div>\n\t\t<\/section>\n\t\t\t\t<section class=\"elementor-section elementor-top-section elementor-element elementor-element-0b5d28b elementor-section-boxed elementor-section-height-default elementor-section-height-default\" data-id=\"0b5d28b\" data-element_type=\"section\" data-e-type=\"section\">\n\t\t\t\t\t\t<div class=\"elementor-container elementor-column-gap-default\">\n\t\t\t\t\t<div class=\"elementor-column elementor-col-50 elementor-top-column elementor-element elementor-element-abf84fb\" data-id=\"abf84fb\" data-element_type=\"column\" data-e-type=\"column\">\n\t\t\t<div class=\"elementor-widget-wrap elementor-element-populated\">\n\t\t\t\t\t\t<div class=\"elementor-element elementor-element-0e6859b elementor-widget elementor-widget-image\" data-id=\"0e6859b\" data-element_type=\"widget\" data-e-type=\"widget\" data-widget_type=\"image.default\">\n\t\t\t\t<div class=\"elementor-widget-container\">\n\t\t\t\t\t\t\t\t\t\t\t\t\t\t\t<img loading=\"lazy\" decoding=\"async\" width=\"980\" height=\"765\" src=\"https:\/\/hakaora.com\/wp-content\/uploads\/2021\/05\/Capture-decran-2021-05-24-a-12.19.59-1024x799.png\" class=\"attachment-large size-large wp-image-7961\" alt=\"\" srcset=\"https:\/\/hakaora.com\/wp-content\/uploads\/2021\/05\/Capture-decran-2021-05-24-a-12.19.59-1024x799.png 1024w, https:\/\/hakaora.com\/wp-content\/uploads\/2021\/05\/Capture-decran-2021-05-24-a-12.19.59-300x234.png 300w, https:\/\/hakaora.com\/wp-content\/uploads\/2021\/05\/Capture-decran-2021-05-24-a-12.19.59-768x599.png 768w, https:\/\/hakaora.com\/wp-content\/uploads\/2021\/05\/Capture-decran-2021-05-24-a-12.19.59-16x12.png 16w, https:\/\/hakaora.com\/wp-content\/uploads\/2021\/05\/Capture-decran-2021-05-24-a-12.19.59-690x538.png 690w, https:\/\/hakaora.com\/wp-content\/uploads\/2021\/05\/Capture-decran-2021-05-24-a-12.19.59-980x764.png 980w, https:\/\/hakaora.com\/wp-content\/uploads\/2021\/05\/Capture-decran-2021-05-24-a-12.19.59-600x468.png 600w, https:\/\/hakaora.com\/wp-content\/uploads\/2021\/05\/Capture-decran-2021-05-24-a-12.19.59-e1621932719685.png 565w\" sizes=\"(max-width: 980px) 100vw, 980px\" \/>\t\t\t\t\t\t\t\t\t\t\t\t\t\t\t<\/div>\n\t\t\t\t<\/div>\n\t\t\t\t\t<\/div>\n\t\t<\/div>\n\t\t\t\t<div class=\"elementor-column elementor-col-50 elementor-top-column elementor-element elementor-element-9f84d1b\" data-id=\"9f84d1b\" data-element_type=\"column\" data-e-type=\"column\">\n\t\t\t<div class=\"elementor-widget-wrap elementor-element-populated\">\n\t\t\t\t\t\t<div class=\"elementor-element elementor-element-b815db2 elementor-widget elementor-widget-image\" data-id=\"b815db2\" data-element_type=\"widget\" data-e-type=\"widget\" data-widget_type=\"image.default\">\n\t\t\t\t<div class=\"elementor-widget-container\">\n\t\t\t\t\t\t\t\t\t\t\t\t\t\t\t<img loading=\"lazy\" decoding=\"async\" width=\"980\" height=\"781\" src=\"https:\/\/hakaora.com\/wp-content\/uploads\/2021\/05\/Capture-decran-2021-05-24-a-12.20.48-1024x816.png\" class=\"attachment-large size-large wp-image-7959\" alt=\"\" srcset=\"https:\/\/hakaora.com\/wp-content\/uploads\/2021\/05\/Capture-decran-2021-05-24-a-12.20.48-1024x816.png 1024w, https:\/\/hakaora.com\/wp-content\/uploads\/2021\/05\/Capture-decran-2021-05-24-a-12.20.48-300x239.png 300w, https:\/\/hakaora.com\/wp-content\/uploads\/2021\/05\/Capture-decran-2021-05-24-a-12.20.48-768x612.png 768w, https:\/\/hakaora.com\/wp-content\/uploads\/2021\/05\/Capture-decran-2021-05-24-a-12.20.48-16x12.png 16w, https:\/\/hakaora.com\/wp-content\/uploads\/2021\/05\/Capture-decran-2021-05-24-a-12.20.48-690x550.png 690w, https:\/\/hakaora.com\/wp-content\/uploads\/2021\/05\/Capture-decran-2021-05-24-a-12.20.48-980x780.png 980w, https:\/\/hakaora.com\/wp-content\/uploads\/2021\/05\/Capture-decran-2021-05-24-a-12.20.48-600x478.png 600w, https:\/\/hakaora.com\/wp-content\/uploads\/2021\/05\/Capture-decran-2021-05-24-a-12.20.48-e1621932765877.png 565w\" sizes=\"(max-width: 980px) 100vw, 980px\" \/>\t\t\t\t\t\t\t\t\t\t\t\t\t\t\t<\/div>\n\t\t\t\t<\/div>\n\t\t\t\t\t<\/div>\n\t\t<\/div>\n\t\t\t\t\t<\/div>\n\t\t<\/section>\n\t\t\t\t<\/div>","protected":false},"excerpt":{"rendered":"<p>Attention circulent en France de nombreuses cannes qui sont annonc\u00e9es comme datant de la fin du XIXe ou d\u00e9but du XX mais qui en r\u00e9alit\u00e9 sont tout \u00e0 fait r\u00e9centes. Vous les reconnaitrez ais\u00e9ment par la bague en laiton qui lie le pommeau au fourreau. En effet des pommeaux avec ce type de bague sont [&hellip;]<\/p>\n","protected":false},"author":1,"featured_media":0,"parent":0,"menu_order":0,"comment_status":"closed","ping_status":"closed","template":"","meta":{"footnotes":""},"class_list":["post-7934","page","type-page","status-publish","hentry"],"_links":{"self":[{"href":"https:\/\/hakaora.com\/en\/wp-json\/wp\/v2\/pages\/7934","targetHints":{"allow":["GET"]}}],"collection":[{"href":"https:\/\/hakaora.com\/en\/wp-json\/wp\/v2\/pages"}],"about":[{"href":"https:\/\/hakaora.com\/en\/wp-json\/wp\/v2\/types\/page"}],"author":[{"embeddable":true,"href":"https:\/\/hakaora.com\/en\/wp-json\/wp\/v2\/users\/1"}],"replies":[{"embeddable":true,"href":"https:\/\/hakaora.com\/en\/wp-json\/wp\/v2\/comments?post=7934"}],"version-history":[{"count":13,"href":"https:\/\/hakaora.com\/en\/wp-json\/wp\/v2\/pages\/7934\/revisions"}],"predecessor-version":[{"id":7970,"href":"https:\/\/hakaora.com\/en\/wp-json\/wp\/v2\/pages\/7934\/revisions\/7970"}],"wp:attachment":[{"href":"https:\/\/hakaora.com\/en\/wp-json\/wp\/v2\/media?parent=7934"}],"curies":[{"name":"wp","href":"https:\/\/api.w.org\/{rel}","templated":true}]}}