{"id":1004,"date":"2018-09-14T15:41:40","date_gmt":"2018-09-14T13:41:40","guid":{"rendered":"https:\/\/hakaora.com\/?post_type=product&#038;p=1004"},"modified":"2019-03-13T10:09:46","modified_gmt":"2019-03-13T09:09:46","slug":"canne-tete-de-chien-3","status":"publish","type":"product","link":"https:\/\/hakaora.com\/en\/product\/canne-tete-de-chien-3\/","title":{"rendered":"Dog head cane"},"content":{"rendered":"<p>Peu courante cette canne animali\u00e8re repr\u00e9sentant une t\u00eate d&rsquo;\u00e9pagneul breton.<\/p>","protected":false},"excerpt":{"rendered":"<p>C 2<\/p>","protected":false},"featured_media":1005,"template":"","meta":[],"product_brand":[],"product_cat":[48,73,27,28],"product_tag":[],"class_list":{"0":"post-1004","1":"product","2":"type-product","3":"status-publish","4":"has-post-thumbnail","6":"product_cat-autres-pommeaux","7":"product_cat-c-2-150-a-250-e","8":"product_cat-cannes-animalieres","9":"product_cat-cannes-dart-populaire","11":"first","12":"instock","13":"shipping-taxable","14":"purchasable","15":"product-type-simple"},"_links":{"self":[{"href":"https:\/\/hakaora.com\/en\/wp-json\/wp\/v2\/product\/1004","targetHints":{"allow":["GET"]}}],"collection":[{"href":"https:\/\/hakaora.com\/en\/wp-json\/wp\/v2\/product"}],"about":[{"href":"https:\/\/hakaora.com\/en\/wp-json\/wp\/v2\/types\/product"}],"version-history":[{"count":2,"href":"https:\/\/hakaora.com\/en\/wp-json\/wp\/v2\/product\/1004\/revisions"}],"predecessor-version":[{"id":1649,"href":"https:\/\/hakaora.com\/en\/wp-json\/wp\/v2\/product\/1004\/revisions\/1649"}],"wp:featuredmedia":[{"embeddable":true,"href":"https:\/\/hakaora.com\/en\/wp-json\/wp\/v2\/media\/1005"}],"wp:attachment":[{"href":"https:\/\/hakaora.com\/en\/wp-json\/wp\/v2\/media?parent=1004"}],"wp:term":[{"taxonomy":"product_brand","embeddable":true,"href":"https:\/\/hakaora.com\/en\/wp-json\/wp\/v2\/product_brand?post=1004"},{"taxonomy":"product_cat","embeddable":true,"href":"https:\/\/hakaora.com\/en\/wp-json\/wp\/v2\/product_cat?post=1004"},{"taxonomy":"product_tag","embeddable":true,"href":"https:\/\/hakaora.com\/en\/wp-json\/wp\/v2\/product_tag?post=1004"}],"curies":[{"name":"wp","href":"https:\/\/api.w.org\/{rel}","templated":true}]}}