{"id":1060,"date":"2018-09-18T12:01:03","date_gmt":"2018-09-18T10:01:03","guid":{"rendered":"https:\/\/hakaora.com\/?post_type=product&#038;p=1060"},"modified":"2019-03-12T19:16:49","modified_gmt":"2019-03-12T18:16:49","slug":"canne-epee-dreyfusarde","status":"publish","type":"product","link":"https:\/\/hakaora.com\/en\/product\/canne-epee-dreyfusarde\/","title":{"rendered":"Sword stick - Grotesque jewish head"},"content":{"rendered":"<p>Le pommeau en bronze de la canne figure une t\u00eate grotesque (sans doute stigmatisant les juifs \u00e0 l&rsquo;\u00e9poque de l&rsquo;affaire Dreyfus).<\/p>\n<p>Le pommeau servait de casse tete et se d\u00e9vissait pour r\u00e9v\u00e9ler une \u00e9p\u00e9e.<\/p>","protected":false},"excerpt":{"rendered":"<p>C 3<\/p>","protected":false},"featured_media":1061,"template":"","meta":[],"product_brand":[],"product_cat":[74,39],"product_tag":[],"class_list":{"0":"post-1060","1":"product","2":"type-product","3":"status-publish","4":"has-post-thumbnail","6":"product_cat-c-3-250-a-350-e","7":"product_cat-cannes-de-defense","9":"first","10":"instock","11":"shipping-taxable","12":"purchasable","13":"product-type-simple"},"_links":{"self":[{"href":"https:\/\/hakaora.com\/en\/wp-json\/wp\/v2\/product\/1060","targetHints":{"allow":["GET"]}}],"collection":[{"href":"https:\/\/hakaora.com\/en\/wp-json\/wp\/v2\/product"}],"about":[{"href":"https:\/\/hakaora.com\/en\/wp-json\/wp\/v2\/types\/product"}],"version-history":[{"count":2,"href":"https:\/\/hakaora.com\/en\/wp-json\/wp\/v2\/product\/1060\/revisions"}],"predecessor-version":[{"id":1625,"href":"https:\/\/hakaora.com\/en\/wp-json\/wp\/v2\/product\/1060\/revisions\/1625"}],"wp:featuredmedia":[{"embeddable":true,"href":"https:\/\/hakaora.com\/en\/wp-json\/wp\/v2\/media\/1061"}],"wp:attachment":[{"href":"https:\/\/hakaora.com\/en\/wp-json\/wp\/v2\/media?parent=1060"}],"wp:term":[{"taxonomy":"product_brand","embeddable":true,"href":"https:\/\/hakaora.com\/en\/wp-json\/wp\/v2\/product_brand?post=1060"},{"taxonomy":"product_cat","embeddable":true,"href":"https:\/\/hakaora.com\/en\/wp-json\/wp\/v2\/product_cat?post=1060"},{"taxonomy":"product_tag","embeddable":true,"href":"https:\/\/hakaora.com\/en\/wp-json\/wp\/v2\/product_tag?post=1060"}],"curies":[{"name":"wp","href":"https:\/\/api.w.org\/{rel}","templated":true}]}}