{"id":1084,"date":"2018-09-18T12:17:33","date_gmt":"2018-09-18T10:17:33","guid":{"rendered":"https:\/\/hakaora.com\/?post_type=product&#038;p=1084"},"modified":"2019-03-12T19:18:15","modified_gmt":"2019-03-12T18:18:15","slug":"canne-dhalterophile","status":"publish","type":"product","link":"https:\/\/hakaora.com\/en\/product\/canne-dhalterophile\/","title":{"rendered":"Weightlifter cane"},"content":{"rendered":"<p>Catte canne servait \u00e0 l&rsquo;entrainement physique, son poids est sup\u00e9rieur \u00e0 3 kg.<\/p>","protected":false},"excerpt":{"rendered":"<p>C 4<\/p>","protected":false},"featured_media":1085,"template":"","meta":[],"product_brand":[],"product_cat":[49,75],"product_tag":[],"class_list":{"0":"post-1084","1":"product","2":"type-product","3":"status-publish","4":"has-post-thumbnail","6":"product_cat-autres-systemes","7":"product_cat-c-4-350-a-500-e","9":"first","10":"instock","11":"shipping-taxable","12":"purchasable","13":"product-type-simple"},"_links":{"self":[{"href":"https:\/\/hakaora.com\/en\/wp-json\/wp\/v2\/product\/1084","targetHints":{"allow":["GET"]}}],"collection":[{"href":"https:\/\/hakaora.com\/en\/wp-json\/wp\/v2\/product"}],"about":[{"href":"https:\/\/hakaora.com\/en\/wp-json\/wp\/v2\/types\/product"}],"version-history":[{"count":2,"href":"https:\/\/hakaora.com\/en\/wp-json\/wp\/v2\/product\/1084\/revisions"}],"predecessor-version":[{"id":1585,"href":"https:\/\/hakaora.com\/en\/wp-json\/wp\/v2\/product\/1084\/revisions\/1585"}],"wp:featuredmedia":[{"embeddable":true,"href":"https:\/\/hakaora.com\/en\/wp-json\/wp\/v2\/media\/1085"}],"wp:attachment":[{"href":"https:\/\/hakaora.com\/en\/wp-json\/wp\/v2\/media?parent=1084"}],"wp:term":[{"taxonomy":"product_brand","embeddable":true,"href":"https:\/\/hakaora.com\/en\/wp-json\/wp\/v2\/product_brand?post=1084"},{"taxonomy":"product_cat","embeddable":true,"href":"https:\/\/hakaora.com\/en\/wp-json\/wp\/v2\/product_cat?post=1084"},{"taxonomy":"product_tag","embeddable":true,"href":"https:\/\/hakaora.com\/en\/wp-json\/wp\/v2\/product_tag?post=1084"}],"curies":[{"name":"wp","href":"https:\/\/api.w.org\/{rel}","templated":true}]}}