{"id":1124,"date":"2018-09-18T15:38:39","date_gmt":"2018-09-18T13:38:39","guid":{"rendered":"https:\/\/hakaora.com\/?post_type=product&#038;p=1124"},"modified":"2019-03-12T19:12:50","modified_gmt":"2019-03-12T18:12:50","slug":"canne-de-milord","status":"publish","type":"product","link":"https:\/\/hakaora.com\/en\/product\/canne-de-milord\/","title":{"rendered":"Gentleman cane"},"content":{"rendered":"<p>Pommeau richement d\u00e9cor\u00e9 en plaqu\u00e9 or<\/p>","protected":false},"excerpt":{"rendered":"<p>C 1<\/p>","protected":false},"featured_media":1125,"template":"","meta":[],"product_brand":[],"product_cat":[72,46],"product_tag":[],"class_list":{"0":"post-1124","1":"product","2":"type-product","3":"status-publish","4":"has-post-thumbnail","6":"product_cat-c-1-50-a-150-e","7":"product_cat-pommeau-en-or","9":"first","10":"instock","11":"shipping-taxable","12":"purchasable","13":"product-type-simple"},"_links":{"self":[{"href":"https:\/\/hakaora.com\/en\/wp-json\/wp\/v2\/product\/1124","targetHints":{"allow":["GET"]}}],"collection":[{"href":"https:\/\/hakaora.com\/en\/wp-json\/wp\/v2\/product"}],"about":[{"href":"https:\/\/hakaora.com\/en\/wp-json\/wp\/v2\/types\/product"}],"version-history":[{"count":2,"href":"https:\/\/hakaora.com\/en\/wp-json\/wp\/v2\/product\/1124\/revisions"}],"predecessor-version":[{"id":1597,"href":"https:\/\/hakaora.com\/en\/wp-json\/wp\/v2\/product\/1124\/revisions\/1597"}],"wp:featuredmedia":[{"embeddable":true,"href":"https:\/\/hakaora.com\/en\/wp-json\/wp\/v2\/media\/1125"}],"wp:attachment":[{"href":"https:\/\/hakaora.com\/en\/wp-json\/wp\/v2\/media?parent=1124"}],"wp:term":[{"taxonomy":"product_brand","embeddable":true,"href":"https:\/\/hakaora.com\/en\/wp-json\/wp\/v2\/product_brand?post=1124"},{"taxonomy":"product_cat","embeddable":true,"href":"https:\/\/hakaora.com\/en\/wp-json\/wp\/v2\/product_cat?post=1124"},{"taxonomy":"product_tag","embeddable":true,"href":"https:\/\/hakaora.com\/en\/wp-json\/wp\/v2\/product_tag?post=1124"}],"curies":[{"name":"wp","href":"https:\/\/api.w.org\/{rel}","templated":true}]}}