{"id":1136,"date":"2018-09-18T15:44:40","date_gmt":"2018-09-18T13:44:40","guid":{"rendered":"https:\/\/hakaora.com\/?post_type=product&#038;p=1136"},"modified":"2019-03-12T19:13:33","modified_gmt":"2019-03-12T18:13:33","slug":"canne-epee-de-dame","status":"publish","type":"product","link":"https:\/\/hakaora.com\/en\/product\/canne-epee-de-dame\/","title":{"rendered":"Ladies sword stick"},"content":{"rendered":"<p>D\u00e9licate canne \u00e9p\u00e9e de dame avec pommeau et bague en argent.<\/p>\n<p>La lame est une lame de tol\u00e8de avec ses caract\u00e9ristiques flammes bleues.<\/p>","protected":false},"excerpt":{"rendered":"<p>C 3<\/p>","protected":false},"featured_media":1137,"template":"","meta":[],"product_brand":[],"product_cat":[74,39],"product_tag":[],"class_list":{"0":"post-1136","1":"product","2":"type-product","3":"status-publish","4":"has-post-thumbnail","6":"product_cat-c-3-250-a-350-e","7":"product_cat-cannes-de-defense","9":"first","10":"instock","11":"shipping-taxable","12":"purchasable","13":"product-type-simple"},"_links":{"self":[{"href":"https:\/\/hakaora.com\/en\/wp-json\/wp\/v2\/product\/1136","targetHints":{"allow":["GET"]}}],"collection":[{"href":"https:\/\/hakaora.com\/en\/wp-json\/wp\/v2\/product"}],"about":[{"href":"https:\/\/hakaora.com\/en\/wp-json\/wp\/v2\/types\/product"}],"version-history":[{"count":2,"href":"https:\/\/hakaora.com\/en\/wp-json\/wp\/v2\/product\/1136\/revisions"}],"predecessor-version":[{"id":1601,"href":"https:\/\/hakaora.com\/en\/wp-json\/wp\/v2\/product\/1136\/revisions\/1601"}],"wp:featuredmedia":[{"embeddable":true,"href":"https:\/\/hakaora.com\/en\/wp-json\/wp\/v2\/media\/1137"}],"wp:attachment":[{"href":"https:\/\/hakaora.com\/en\/wp-json\/wp\/v2\/media?parent=1136"}],"wp:term":[{"taxonomy":"product_brand","embeddable":true,"href":"https:\/\/hakaora.com\/en\/wp-json\/wp\/v2\/product_brand?post=1136"},{"taxonomy":"product_cat","embeddable":true,"href":"https:\/\/hakaora.com\/en\/wp-json\/wp\/v2\/product_cat?post=1136"},{"taxonomy":"product_tag","embeddable":true,"href":"https:\/\/hakaora.com\/en\/wp-json\/wp\/v2\/product_tag?post=1136"}],"curies":[{"name":"wp","href":"https:\/\/api.w.org\/{rel}","templated":true}]}}