{"id":1139,"date":"2018-09-18T15:48:50","date_gmt":"2018-09-18T13:48:50","guid":{"rendered":"https:\/\/hakaora.com\/?post_type=product&#038;p=1139"},"modified":"2019-03-12T19:13:42","modified_gmt":"2019-03-12T18:13:42","slug":"la-canne-a-papa","status":"publish","type":"product","link":"https:\/\/hakaora.com\/en\/product\/la-canne-a-papa\/","title":{"rendered":"My Dad's cane"},"content":{"rendered":"<p>La canne qui est \u00e0 l&rsquo;origine de la passion et de la collection.<\/p>\n<p>Apr\u00e8s l&rsquo;avoir regard\u00e9e avec envie pendant des ann\u00e9es, ce jour merveilleux ou mon p\u00e8re m&rsquo;a dit \u00ab\u00a0tu la veux\u00a0\u00bb est enfin arriv\u00e9.<\/p>\n<p>S&rsquo;il doit en rester qu&rsquo;une, ce sera celle l\u00e0.<\/p>","protected":false},"excerpt":{"rendered":"<p>C 3<\/p>","protected":false},"featured_media":1314,"template":"","meta":[],"product_brand":[],"product_cat":[74,39],"product_tag":[],"class_list":{"0":"post-1139","1":"product","2":"type-product","3":"status-publish","4":"has-post-thumbnail","6":"product_cat-c-3-250-a-350-e","7":"product_cat-cannes-de-defense","9":"first","10":"instock","11":"shipping-taxable","12":"purchasable","13":"product-type-simple"},"_links":{"self":[{"href":"https:\/\/hakaora.com\/en\/wp-json\/wp\/v2\/product\/1139","targetHints":{"allow":["GET"]}}],"collection":[{"href":"https:\/\/hakaora.com\/en\/wp-json\/wp\/v2\/product"}],"about":[{"href":"https:\/\/hakaora.com\/en\/wp-json\/wp\/v2\/types\/product"}],"version-history":[{"count":3,"href":"https:\/\/hakaora.com\/en\/wp-json\/wp\/v2\/product\/1139\/revisions"}],"predecessor-version":[{"id":1603,"href":"https:\/\/hakaora.com\/en\/wp-json\/wp\/v2\/product\/1139\/revisions\/1603"}],"wp:featuredmedia":[{"embeddable":true,"href":"https:\/\/hakaora.com\/en\/wp-json\/wp\/v2\/media\/1314"}],"wp:attachment":[{"href":"https:\/\/hakaora.com\/en\/wp-json\/wp\/v2\/media?parent=1139"}],"wp:term":[{"taxonomy":"product_brand","embeddable":true,"href":"https:\/\/hakaora.com\/en\/wp-json\/wp\/v2\/product_brand?post=1139"},{"taxonomy":"product_cat","embeddable":true,"href":"https:\/\/hakaora.com\/en\/wp-json\/wp\/v2\/product_cat?post=1139"},{"taxonomy":"product_tag","embeddable":true,"href":"https:\/\/hakaora.com\/en\/wp-json\/wp\/v2\/product_tag?post=1139"}],"curies":[{"name":"wp","href":"https:\/\/api.w.org\/{rel}","templated":true}]}}