{"id":1166,"date":"2018-09-18T16:05:26","date_gmt":"2018-09-18T14:05:26","guid":{"rendered":"https:\/\/hakaora.com\/?post_type=product&#038;p=1166"},"modified":"2019-03-12T19:06:55","modified_gmt":"2019-03-12T18:06:55","slug":"canne-telescope","status":"publish","type":"product","link":"https:\/\/hakaora.com\/en\/product\/canne-telescope\/","title":{"rendered":"Telescope cane"},"content":{"rendered":"<p>Canne au pommeau compos\u00e9 d&rsquo;une boule d&rsquo;voire dans laquelle est ins\u00e9r\u00e9 un telescope.<\/p>","protected":false},"excerpt":{"rendered":"<p>C 5<\/p>","protected":false},"featured_media":1167,"template":"","meta":[],"product_brand":[],"product_cat":[49,76],"product_tag":[],"class_list":{"0":"post-1166","1":"product","2":"type-product","3":"status-publish","4":"has-post-thumbnail","6":"product_cat-autres-systemes","7":"product_cat-c-5-plus-de-500-e","9":"first","10":"instock","11":"shipping-taxable","12":"purchasable","13":"product-type-simple"},"_links":{"self":[{"href":"https:\/\/hakaora.com\/en\/wp-json\/wp\/v2\/product\/1166","targetHints":{"allow":["GET"]}}],"collection":[{"href":"https:\/\/hakaora.com\/en\/wp-json\/wp\/v2\/product"}],"about":[{"href":"https:\/\/hakaora.com\/en\/wp-json\/wp\/v2\/types\/product"}],"version-history":[{"count":2,"href":"https:\/\/hakaora.com\/en\/wp-json\/wp\/v2\/product\/1166\/revisions"}],"predecessor-version":[{"id":1572,"href":"https:\/\/hakaora.com\/en\/wp-json\/wp\/v2\/product\/1166\/revisions\/1572"}],"wp:featuredmedia":[{"embeddable":true,"href":"https:\/\/hakaora.com\/en\/wp-json\/wp\/v2\/media\/1167"}],"wp:attachment":[{"href":"https:\/\/hakaora.com\/en\/wp-json\/wp\/v2\/media?parent=1166"}],"wp:term":[{"taxonomy":"product_brand","embeddable":true,"href":"https:\/\/hakaora.com\/en\/wp-json\/wp\/v2\/product_brand?post=1166"},{"taxonomy":"product_cat","embeddable":true,"href":"https:\/\/hakaora.com\/en\/wp-json\/wp\/v2\/product_cat?post=1166"},{"taxonomy":"product_tag","embeddable":true,"href":"https:\/\/hakaora.com\/en\/wp-json\/wp\/v2\/product_tag?post=1166"}],"curies":[{"name":"wp","href":"https:\/\/api.w.org\/{rel}","templated":true}]}}