{"id":1170,"date":"2018-09-18T16:07:22","date_gmt":"2018-09-18T14:07:22","guid":{"rendered":"https:\/\/hakaora.com\/?post_type=product&#038;p=1170"},"modified":"2019-03-12T19:07:14","modified_gmt":"2019-03-12T18:07:14","slug":"canne-telescope-2","status":"publish","type":"product","link":"https:\/\/hakaora.com\/en\/product\/canne-telescope-2\/","title":{"rendered":"Telescope cane"},"content":{"rendered":"<p>Le dessus du pommeau (en galuchat) se d\u00e9visse ainsi que la partie sup\u00e9rieure de la canne pour se transformer en t\u00e9lescope.<\/p>","protected":false},"excerpt":{"rendered":"<p>C 5<\/p>","protected":false},"featured_media":1171,"template":"","meta":[],"product_brand":[],"product_cat":[49,76],"product_tag":[],"class_list":{"0":"post-1170","1":"product","2":"type-product","3":"status-publish","4":"has-post-thumbnail","6":"product_cat-autres-systemes","7":"product_cat-c-5-plus-de-500-e","9":"first","10":"instock","11":"shipping-taxable","12":"purchasable","13":"product-type-simple"},"_links":{"self":[{"href":"https:\/\/hakaora.com\/en\/wp-json\/wp\/v2\/product\/1170","targetHints":{"allow":["GET"]}}],"collection":[{"href":"https:\/\/hakaora.com\/en\/wp-json\/wp\/v2\/product"}],"about":[{"href":"https:\/\/hakaora.com\/en\/wp-json\/wp\/v2\/types\/product"}],"version-history":[{"count":2,"href":"https:\/\/hakaora.com\/en\/wp-json\/wp\/v2\/product\/1170\/revisions"}],"predecessor-version":[{"id":1573,"href":"https:\/\/hakaora.com\/en\/wp-json\/wp\/v2\/product\/1170\/revisions\/1573"}],"wp:featuredmedia":[{"embeddable":true,"href":"https:\/\/hakaora.com\/en\/wp-json\/wp\/v2\/media\/1171"}],"wp:attachment":[{"href":"https:\/\/hakaora.com\/en\/wp-json\/wp\/v2\/media?parent=1170"}],"wp:term":[{"taxonomy":"product_brand","embeddable":true,"href":"https:\/\/hakaora.com\/en\/wp-json\/wp\/v2\/product_brand?post=1170"},{"taxonomy":"product_cat","embeddable":true,"href":"https:\/\/hakaora.com\/en\/wp-json\/wp\/v2\/product_cat?post=1170"},{"taxonomy":"product_tag","embeddable":true,"href":"https:\/\/hakaora.com\/en\/wp-json\/wp\/v2\/product_tag?post=1170"}],"curies":[{"name":"wp","href":"https:\/\/api.w.org\/{rel}","templated":true}]}}