{"id":1176,"date":"2018-09-18T16:11:21","date_gmt":"2018-09-18T14:11:21","guid":{"rendered":"https:\/\/hakaora.com\/?post_type=product&#038;p=1176"},"modified":"2019-03-12T19:07:34","modified_gmt":"2019-03-12T18:07:34","slug":"canne-torche-electrique-2","status":"publish","type":"product","link":"https:\/\/hakaora.com\/en\/product\/canne-torche-electrique-2\/","title":{"rendered":"Electric light cane"},"content":{"rendered":"<p>Normalement le pommeau se d\u00e9visse (malheureusement actuellement gripp\u00e9) et on trouve une ampoule et le logement pour une pile \u00e9lectrique.<\/p>\n<p>&nbsp;<\/p>","protected":false},"excerpt":{"rendered":"<p>C 3<\/p>","protected":false},"featured_media":1177,"template":"","meta":[],"product_brand":[],"product_cat":[49,74],"product_tag":[],"class_list":{"0":"post-1176","1":"product","2":"type-product","3":"status-publish","4":"has-post-thumbnail","6":"product_cat-autres-systemes","7":"product_cat-c-3-250-a-350-e","9":"first","10":"instock","11":"shipping-taxable","12":"purchasable","13":"product-type-simple"},"_links":{"self":[{"href":"https:\/\/hakaora.com\/en\/wp-json\/wp\/v2\/product\/1176","targetHints":{"allow":["GET"]}}],"collection":[{"href":"https:\/\/hakaora.com\/en\/wp-json\/wp\/v2\/product"}],"about":[{"href":"https:\/\/hakaora.com\/en\/wp-json\/wp\/v2\/types\/product"}],"version-history":[{"count":2,"href":"https:\/\/hakaora.com\/en\/wp-json\/wp\/v2\/product\/1176\/revisions"}],"predecessor-version":[{"id":1575,"href":"https:\/\/hakaora.com\/en\/wp-json\/wp\/v2\/product\/1176\/revisions\/1575"}],"wp:featuredmedia":[{"embeddable":true,"href":"https:\/\/hakaora.com\/en\/wp-json\/wp\/v2\/media\/1177"}],"wp:attachment":[{"href":"https:\/\/hakaora.com\/en\/wp-json\/wp\/v2\/media?parent=1176"}],"wp:term":[{"taxonomy":"product_brand","embeddable":true,"href":"https:\/\/hakaora.com\/en\/wp-json\/wp\/v2\/product_brand?post=1176"},{"taxonomy":"product_cat","embeddable":true,"href":"https:\/\/hakaora.com\/en\/wp-json\/wp\/v2\/product_cat?post=1176"},{"taxonomy":"product_tag","embeddable":true,"href":"https:\/\/hakaora.com\/en\/wp-json\/wp\/v2\/product_tag?post=1176"}],"curies":[{"name":"wp","href":"https:\/\/api.w.org\/{rel}","templated":true}]}}