{"id":1179,"date":"2018-09-18T16:12:58","date_gmt":"2018-09-18T14:12:58","guid":{"rendered":"https:\/\/hakaora.com\/?post_type=product&#038;p=1179"},"modified":"2019-03-12T19:07:45","modified_gmt":"2019-03-12T18:07:45","slug":"canne-de-verre","status":"publish","type":"product","link":"https:\/\/hakaora.com\/en\/product\/canne-de-verre\/","title":{"rendered":"Glass cane"},"content":{"rendered":"<p>Les cannes de verre \u00e9taient r\u00e9alis\u00e9e par les artisans verrier lors de leur temps libre.<\/p>\n<p>elles ont un usage purement d\u00e9coratif.<\/p>","protected":false},"excerpt":{"rendered":"<p>C 2<\/p>","protected":false},"featured_media":1180,"template":"","meta":[],"product_brand":[],"product_cat":[73,29],"product_tag":[],"class_list":{"0":"post-1179","1":"product","2":"type-product","3":"status-publish","4":"has-post-thumbnail","6":"product_cat-c-2-150-a-250-e","7":"product_cat-cannes-divers","9":"first","10":"instock","11":"shipping-taxable","12":"purchasable","13":"product-type-simple"},"_links":{"self":[{"href":"https:\/\/hakaora.com\/en\/wp-json\/wp\/v2\/product\/1179","targetHints":{"allow":["GET"]}}],"collection":[{"href":"https:\/\/hakaora.com\/en\/wp-json\/wp\/v2\/product"}],"about":[{"href":"https:\/\/hakaora.com\/en\/wp-json\/wp\/v2\/types\/product"}],"version-history":[{"count":2,"href":"https:\/\/hakaora.com\/en\/wp-json\/wp\/v2\/product\/1179\/revisions"}],"predecessor-version":[{"id":1576,"href":"https:\/\/hakaora.com\/en\/wp-json\/wp\/v2\/product\/1179\/revisions\/1576"}],"wp:featuredmedia":[{"embeddable":true,"href":"https:\/\/hakaora.com\/en\/wp-json\/wp\/v2\/media\/1180"}],"wp:attachment":[{"href":"https:\/\/hakaora.com\/en\/wp-json\/wp\/v2\/media?parent=1179"}],"wp:term":[{"taxonomy":"product_brand","embeddable":true,"href":"https:\/\/hakaora.com\/en\/wp-json\/wp\/v2\/product_brand?post=1179"},{"taxonomy":"product_cat","embeddable":true,"href":"https:\/\/hakaora.com\/en\/wp-json\/wp\/v2\/product_cat?post=1179"},{"taxonomy":"product_tag","embeddable":true,"href":"https:\/\/hakaora.com\/en\/wp-json\/wp\/v2\/product_tag?post=1179"}],"curies":[{"name":"wp","href":"https:\/\/api.w.org\/{rel}","templated":true}]}}