{"id":1207,"date":"2018-09-25T17:23:03","date_gmt":"2018-09-25T15:23:03","guid":{"rendered":"https:\/\/hakaora.com\/?post_type=product&#038;p=1207"},"modified":"2019-03-12T19:09:41","modified_gmt":"2019-03-12T18:09:41","slug":"canne-de-defense-13","status":"publish","type":"product","link":"https:\/\/hakaora.com\/en\/product\/canne-de-defense-13\/","title":{"rendered":"Defensive cane"},"content":{"rendered":"<p>Canne simple de d\u00e9fense dont le fut est compos\u00e9 de lani\u00e8res de cuir mont\u00e9es sur tige d&rsquo;acier. Canne souple.<\/p>","protected":false},"excerpt":{"rendered":"<p>C 1<\/p>","protected":false},"featured_media":1208,"template":"","meta":[],"product_brand":[],"product_cat":[72,39],"product_tag":[],"class_list":{"0":"post-1207","1":"product","2":"type-product","3":"status-publish","4":"has-post-thumbnail","6":"product_cat-c-1-50-a-150-e","7":"product_cat-cannes-de-defense","9":"first","10":"instock","11":"shipping-taxable","12":"purchasable","13":"product-type-simple"},"_links":{"self":[{"href":"https:\/\/hakaora.com\/en\/wp-json\/wp\/v2\/product\/1207","targetHints":{"allow":["GET"]}}],"collection":[{"href":"https:\/\/hakaora.com\/en\/wp-json\/wp\/v2\/product"}],"about":[{"href":"https:\/\/hakaora.com\/en\/wp-json\/wp\/v2\/types\/product"}],"version-history":[{"count":2,"href":"https:\/\/hakaora.com\/en\/wp-json\/wp\/v2\/product\/1207\/revisions"}],"predecessor-version":[{"id":1541,"href":"https:\/\/hakaora.com\/en\/wp-json\/wp\/v2\/product\/1207\/revisions\/1541"}],"wp:featuredmedia":[{"embeddable":true,"href":"https:\/\/hakaora.com\/en\/wp-json\/wp\/v2\/media\/1208"}],"wp:attachment":[{"href":"https:\/\/hakaora.com\/en\/wp-json\/wp\/v2\/media?parent=1207"}],"wp:term":[{"taxonomy":"product_brand","embeddable":true,"href":"https:\/\/hakaora.com\/en\/wp-json\/wp\/v2\/product_brand?post=1207"},{"taxonomy":"product_cat","embeddable":true,"href":"https:\/\/hakaora.com\/en\/wp-json\/wp\/v2\/product_cat?post=1207"},{"taxonomy":"product_tag","embeddable":true,"href":"https:\/\/hakaora.com\/en\/wp-json\/wp\/v2\/product_tag?post=1207"}],"curies":[{"name":"wp","href":"https:\/\/api.w.org\/{rel}","templated":true}]}}