{"id":1210,"date":"2018-09-25T17:24:25","date_gmt":"2018-09-25T15:24:25","guid":{"rendered":"https:\/\/hakaora.com\/?post_type=product&#038;p=1210"},"modified":"2019-03-12T19:09:53","modified_gmt":"2019-03-12T18:09:53","slug":"canne-de-defense-14","status":"publish","type":"product","link":"https:\/\/hakaora.com\/en\/product\/canne-de-defense-14\/","title":{"rendered":"Defensive cane"},"content":{"rendered":"<p>Canne de d\u00e9fense avec pommeau en ivoire et fut compos\u00e9 de lamelles de cuir mont\u00e9es sur tige d&rsquo;acier. Canne souple.<\/p>","protected":false},"excerpt":{"rendered":"<p>C 2<\/p>","protected":false},"featured_media":1211,"template":"","meta":[],"product_brand":[],"product_cat":[73,39,45],"product_tag":[],"class_list":{"0":"post-1210","1":"product","2":"type-product","3":"status-publish","4":"has-post-thumbnail","6":"product_cat-c-2-150-a-250-e","7":"product_cat-cannes-de-defense","8":"product_cat-pommeau-en-ivoire","10":"first","11":"instock","12":"shipping-taxable","13":"purchasable","14":"product-type-simple"},"_links":{"self":[{"href":"https:\/\/hakaora.com\/en\/wp-json\/wp\/v2\/product\/1210","targetHints":{"allow":["GET"]}}],"collection":[{"href":"https:\/\/hakaora.com\/en\/wp-json\/wp\/v2\/product"}],"about":[{"href":"https:\/\/hakaora.com\/en\/wp-json\/wp\/v2\/types\/product"}],"version-history":[{"count":3,"href":"https:\/\/hakaora.com\/en\/wp-json\/wp\/v2\/product\/1210\/revisions"}],"predecessor-version":[{"id":1543,"href":"https:\/\/hakaora.com\/en\/wp-json\/wp\/v2\/product\/1210\/revisions\/1543"}],"wp:featuredmedia":[{"embeddable":true,"href":"https:\/\/hakaora.com\/en\/wp-json\/wp\/v2\/media\/1211"}],"wp:attachment":[{"href":"https:\/\/hakaora.com\/en\/wp-json\/wp\/v2\/media?parent=1210"}],"wp:term":[{"taxonomy":"product_brand","embeddable":true,"href":"https:\/\/hakaora.com\/en\/wp-json\/wp\/v2\/product_brand?post=1210"},{"taxonomy":"product_cat","embeddable":true,"href":"https:\/\/hakaora.com\/en\/wp-json\/wp\/v2\/product_cat?post=1210"},{"taxonomy":"product_tag","embeddable":true,"href":"https:\/\/hakaora.com\/en\/wp-json\/wp\/v2\/product_tag?post=1210"}],"curies":[{"name":"wp","href":"https:\/\/api.w.org\/{rel}","templated":true}]}}