{"id":1213,"date":"2018-09-25T17:25:55","date_gmt":"2018-09-25T15:25:55","guid":{"rendered":"https:\/\/hakaora.com\/?post_type=product&#038;p=1213"},"modified":"2019-03-12T19:10:04","modified_gmt":"2019-03-12T18:10:04","slug":"canne-de-defense-15","status":"publish","type":"product","link":"https:\/\/hakaora.com\/en\/product\/canne-de-defense-15\/","title":{"rendered":"Defensive cane"},"content":{"rendered":"<p>Canne de d\u00e9fense avec pommeau en corne et fut compos\u00e9 de rondelles de cornes mont\u00e9es sur tige d&rsquo;acier. Canne souple.<\/p>","protected":false},"excerpt":{"rendered":"<p>C 2<\/p>","protected":false},"featured_media":1214,"template":"","meta":[],"product_brand":[],"product_cat":[73,39,44],"product_tag":[],"class_list":{"0":"post-1213","1":"product","2":"type-product","3":"status-publish","4":"has-post-thumbnail","6":"product_cat-c-2-150-a-250-e","7":"product_cat-cannes-de-defense","8":"product_cat-pommeau-en-corne","10":"first","11":"instock","12":"shipping-taxable","13":"purchasable","14":"product-type-simple"},"_links":{"self":[{"href":"https:\/\/hakaora.com\/en\/wp-json\/wp\/v2\/product\/1213","targetHints":{"allow":["GET"]}}],"collection":[{"href":"https:\/\/hakaora.com\/en\/wp-json\/wp\/v2\/product"}],"about":[{"href":"https:\/\/hakaora.com\/en\/wp-json\/wp\/v2\/types\/product"}],"version-history":[{"count":2,"href":"https:\/\/hakaora.com\/en\/wp-json\/wp\/v2\/product\/1213\/revisions"}],"predecessor-version":[{"id":1544,"href":"https:\/\/hakaora.com\/en\/wp-json\/wp\/v2\/product\/1213\/revisions\/1544"}],"wp:featuredmedia":[{"embeddable":true,"href":"https:\/\/hakaora.com\/en\/wp-json\/wp\/v2\/media\/1214"}],"wp:attachment":[{"href":"https:\/\/hakaora.com\/en\/wp-json\/wp\/v2\/media?parent=1213"}],"wp:term":[{"taxonomy":"product_brand","embeddable":true,"href":"https:\/\/hakaora.com\/en\/wp-json\/wp\/v2\/product_brand?post=1213"},{"taxonomy":"product_cat","embeddable":true,"href":"https:\/\/hakaora.com\/en\/wp-json\/wp\/v2\/product_cat?post=1213"},{"taxonomy":"product_tag","embeddable":true,"href":"https:\/\/hakaora.com\/en\/wp-json\/wp\/v2\/product_tag?post=1213"}],"curies":[{"name":"wp","href":"https:\/\/api.w.org\/{rel}","templated":true}]}}