{"id":1216,"date":"2018-09-25T17:27:12","date_gmt":"2018-09-25T15:27:12","guid":{"rendered":"https:\/\/hakaora.com\/?post_type=product&#038;p=1216"},"modified":"2019-03-12T19:01:20","modified_gmt":"2019-03-12T18:01:20","slug":"canne-de-defense-16","status":"publish","type":"product","link":"https:\/\/hakaora.com\/en\/product\/canne-de-defense-16\/","title":{"rendered":"Defensive cane"},"content":{"rendered":"<p>Canne de d\u00e9fense compos\u00e9e de rondelles de papier mont\u00e9es sur tige d&rsquo;acier. Canne souple<\/p>","protected":false},"excerpt":{"rendered":"<p>C 2<\/p>","protected":false},"featured_media":1217,"template":"","meta":[],"product_brand":[],"product_cat":[73,39],"product_tag":[],"class_list":{"0":"post-1216","1":"product","2":"type-product","3":"status-publish","4":"has-post-thumbnail","6":"product_cat-c-2-150-a-250-e","7":"product_cat-cannes-de-defense","9":"first","10":"instock","11":"shipping-taxable","12":"purchasable","13":"product-type-simple"},"_links":{"self":[{"href":"https:\/\/hakaora.com\/en\/wp-json\/wp\/v2\/product\/1216","targetHints":{"allow":["GET"]}}],"collection":[{"href":"https:\/\/hakaora.com\/en\/wp-json\/wp\/v2\/product"}],"about":[{"href":"https:\/\/hakaora.com\/en\/wp-json\/wp\/v2\/types\/product"}],"version-history":[{"count":2,"href":"https:\/\/hakaora.com\/en\/wp-json\/wp\/v2\/product\/1216\/revisions"}],"predecessor-version":[{"id":1545,"href":"https:\/\/hakaora.com\/en\/wp-json\/wp\/v2\/product\/1216\/revisions\/1545"}],"wp:featuredmedia":[{"embeddable":true,"href":"https:\/\/hakaora.com\/en\/wp-json\/wp\/v2\/media\/1217"}],"wp:attachment":[{"href":"https:\/\/hakaora.com\/en\/wp-json\/wp\/v2\/media?parent=1216"}],"wp:term":[{"taxonomy":"product_brand","embeddable":true,"href":"https:\/\/hakaora.com\/en\/wp-json\/wp\/v2\/product_brand?post=1216"},{"taxonomy":"product_cat","embeddable":true,"href":"https:\/\/hakaora.com\/en\/wp-json\/wp\/v2\/product_cat?post=1216"},{"taxonomy":"product_tag","embeddable":true,"href":"https:\/\/hakaora.com\/en\/wp-json\/wp\/v2\/product_tag?post=1216"}],"curies":[{"name":"wp","href":"https:\/\/api.w.org\/{rel}","templated":true}]}}