{"id":1222,"date":"2018-09-25T17:30:47","date_gmt":"2018-09-25T15:30:47","guid":{"rendered":"https:\/\/hakaora.com\/?post_type=product&#038;p=1222"},"modified":"2019-03-12T19:01:39","modified_gmt":"2019-03-12T18:01:39","slug":"canne-epee-7","status":"publish","type":"product","link":"https:\/\/hakaora.com\/en\/product\/canne-epee-7\/","title":{"rendered":"Sword stick"},"content":{"rendered":"<p>Tr\u00e8s belle canne \u00e9p\u00e9e a friction, la lame est triangulaire et le pommeau en argent.<\/p>","protected":false},"excerpt":{"rendered":"<p>C 4<\/p>","protected":false},"featured_media":1223,"template":"","meta":[],"product_brand":[],"product_cat":[75,39,43],"product_tag":[],"class_list":{"0":"post-1222","1":"product","2":"type-product","3":"status-publish","4":"has-post-thumbnail","6":"product_cat-c-4-350-a-500-e","7":"product_cat-cannes-de-defense","8":"product_cat-pommeau-en-argent","10":"first","11":"instock","12":"shipping-taxable","13":"purchasable","14":"product-type-simple"},"_links":{"self":[{"href":"https:\/\/hakaora.com\/en\/wp-json\/wp\/v2\/product\/1222","targetHints":{"allow":["GET"]}}],"collection":[{"href":"https:\/\/hakaora.com\/en\/wp-json\/wp\/v2\/product"}],"about":[{"href":"https:\/\/hakaora.com\/en\/wp-json\/wp\/v2\/types\/product"}],"version-history":[{"count":2,"href":"https:\/\/hakaora.com\/en\/wp-json\/wp\/v2\/product\/1222\/revisions"}],"predecessor-version":[{"id":1547,"href":"https:\/\/hakaora.com\/en\/wp-json\/wp\/v2\/product\/1222\/revisions\/1547"}],"wp:featuredmedia":[{"embeddable":true,"href":"https:\/\/hakaora.com\/en\/wp-json\/wp\/v2\/media\/1223"}],"wp:attachment":[{"href":"https:\/\/hakaora.com\/en\/wp-json\/wp\/v2\/media?parent=1222"}],"wp:term":[{"taxonomy":"product_brand","embeddable":true,"href":"https:\/\/hakaora.com\/en\/wp-json\/wp\/v2\/product_brand?post=1222"},{"taxonomy":"product_cat","embeddable":true,"href":"https:\/\/hakaora.com\/en\/wp-json\/wp\/v2\/product_cat?post=1222"},{"taxonomy":"product_tag","embeddable":true,"href":"https:\/\/hakaora.com\/en\/wp-json\/wp\/v2\/product_tag?post=1222"}],"curies":[{"name":"wp","href":"https:\/\/api.w.org\/{rel}","templated":true}]}}