{"id":1234,"date":"2018-09-25T17:41:20","date_gmt":"2018-09-25T15:41:20","guid":{"rendered":"https:\/\/hakaora.com\/?post_type=product&#038;p=1234"},"modified":"2019-03-12T19:02:20","modified_gmt":"2019-03-12T18:02:20","slug":"canne-de-grainetier","status":"publish","type":"product","link":"https:\/\/hakaora.com\/en\/product\/canne-de-grainetier\/","title":{"rendered":"Seed dealer cane"},"content":{"rendered":"<p>Canne de grainetier dont la poign\u00e9e en tournant ouvre des compartiments dans le fut.<\/p>\n<p>Ces compartiments servaient \u00e0 recueillir un \u00e9chantillon al\u00e9atoire de grains.<\/p>\n<p>Fut en metal.<\/p>","protected":false},"excerpt":{"rendered":"<p>C 2<\/p>","protected":false},"featured_media":1235,"template":"","meta":[],"product_brand":[],"product_cat":[49,73,44],"product_tag":[],"class_list":{"0":"post-1234","1":"product","2":"type-product","3":"status-publish","4":"has-post-thumbnail","6":"product_cat-autres-systemes","7":"product_cat-c-2-150-a-250-e","8":"product_cat-pommeau-en-corne","10":"first","11":"instock","12":"shipping-taxable","13":"purchasable","14":"product-type-simple"},"_links":{"self":[{"href":"https:\/\/hakaora.com\/en\/wp-json\/wp\/v2\/product\/1234","targetHints":{"allow":["GET"]}}],"collection":[{"href":"https:\/\/hakaora.com\/en\/wp-json\/wp\/v2\/product"}],"about":[{"href":"https:\/\/hakaora.com\/en\/wp-json\/wp\/v2\/types\/product"}],"version-history":[{"count":2,"href":"https:\/\/hakaora.com\/en\/wp-json\/wp\/v2\/product\/1234\/revisions"}],"predecessor-version":[{"id":1551,"href":"https:\/\/hakaora.com\/en\/wp-json\/wp\/v2\/product\/1234\/revisions\/1551"}],"wp:featuredmedia":[{"embeddable":true,"href":"https:\/\/hakaora.com\/en\/wp-json\/wp\/v2\/media\/1235"}],"wp:attachment":[{"href":"https:\/\/hakaora.com\/en\/wp-json\/wp\/v2\/media?parent=1234"}],"wp:term":[{"taxonomy":"product_brand","embeddable":true,"href":"https:\/\/hakaora.com\/en\/wp-json\/wp\/v2\/product_brand?post=1234"},{"taxonomy":"product_cat","embeddable":true,"href":"https:\/\/hakaora.com\/en\/wp-json\/wp\/v2\/product_cat?post=1234"},{"taxonomy":"product_tag","embeddable":true,"href":"https:\/\/hakaora.com\/en\/wp-json\/wp\/v2\/product_tag?post=1234"}],"curies":[{"name":"wp","href":"https:\/\/api.w.org\/{rel}","templated":true}]}}