{"id":1300,"date":"2018-10-01T11:36:02","date_gmt":"2018-10-01T09:36:02","guid":{"rendered":"https:\/\/hakaora.com\/?post_type=product&#038;p=1300"},"modified":"2019-03-12T18:57:24","modified_gmt":"2019-03-12T17:57:24","slug":"canne-defense-2","status":"publish","type":"product","link":"https:\/\/hakaora.com\/en\/product\/canne-defense-2\/","title":{"rendered":"Defensive cane"},"content":{"rendered":"<p>Canne souple de d\u00e9fense avec pommeau de forme \u00e9tonnante et un fut compos\u00e9 de lamelles de cuir mont\u00e9es sur tige d&rsquo;acier.<\/p>","protected":false},"excerpt":{"rendered":"<p>C 2<\/p>","protected":false},"featured_media":1301,"template":"","meta":[],"product_brand":[],"product_cat":[73,39],"product_tag":[],"class_list":{"0":"post-1300","1":"product","2":"type-product","3":"status-publish","4":"has-post-thumbnail","6":"product_cat-c-2-150-a-250-e","7":"product_cat-cannes-de-defense","9":"first","10":"instock","11":"shipping-taxable","12":"purchasable","13":"product-type-simple"},"_links":{"self":[{"href":"https:\/\/hakaora.com\/en\/wp-json\/wp\/v2\/product\/1300","targetHints":{"allow":["GET"]}}],"collection":[{"href":"https:\/\/hakaora.com\/en\/wp-json\/wp\/v2\/product"}],"about":[{"href":"https:\/\/hakaora.com\/en\/wp-json\/wp\/v2\/types\/product"}],"version-history":[{"count":2,"href":"https:\/\/hakaora.com\/en\/wp-json\/wp\/v2\/product\/1300\/revisions"}],"predecessor-version":[{"id":1531,"href":"https:\/\/hakaora.com\/en\/wp-json\/wp\/v2\/product\/1300\/revisions\/1531"}],"wp:featuredmedia":[{"embeddable":true,"href":"https:\/\/hakaora.com\/en\/wp-json\/wp\/v2\/media\/1301"}],"wp:attachment":[{"href":"https:\/\/hakaora.com\/en\/wp-json\/wp\/v2\/media?parent=1300"}],"wp:term":[{"taxonomy":"product_brand","embeddable":true,"href":"https:\/\/hakaora.com\/en\/wp-json\/wp\/v2\/product_brand?post=1300"},{"taxonomy":"product_cat","embeddable":true,"href":"https:\/\/hakaora.com\/en\/wp-json\/wp\/v2\/product_cat?post=1300"},{"taxonomy":"product_tag","embeddable":true,"href":"https:\/\/hakaora.com\/en\/wp-json\/wp\/v2\/product_tag?post=1300"}],"curies":[{"name":"wp","href":"https:\/\/api.w.org\/{rel}","templated":true}]}}