{"id":1303,"date":"2018-10-01T11:37:27","date_gmt":"2018-10-01T09:37:27","guid":{"rendered":"https:\/\/hakaora.com\/?post_type=product&#038;p=1303"},"modified":"2019-03-12T18:57:39","modified_gmt":"2019-03-12T17:57:39","slug":"canne-defense-3","status":"publish","type":"product","link":"https:\/\/hakaora.com\/en\/product\/canne-defense-3\/","title":{"rendered":"Defensive cane"},"content":{"rendered":"<p>Imposante canne souple de d\u00e9fense avec pommeau en corne et fut compos\u00e9 de lamelles de cuir mont\u00e9es sur tige d&rsquo;acier. Canne souple.<\/p>","protected":false},"excerpt":{"rendered":"<p>C 2<\/p>","protected":false},"featured_media":1304,"template":"","meta":[],"product_brand":[],"product_cat":[73,39],"product_tag":[],"class_list":{"0":"post-1303","1":"product","2":"type-product","3":"status-publish","4":"has-post-thumbnail","6":"product_cat-c-2-150-a-250-e","7":"product_cat-cannes-de-defense","9":"first","10":"instock","11":"shipping-taxable","12":"purchasable","13":"product-type-simple"},"_links":{"self":[{"href":"https:\/\/hakaora.com\/en\/wp-json\/wp\/v2\/product\/1303","targetHints":{"allow":["GET"]}}],"collection":[{"href":"https:\/\/hakaora.com\/en\/wp-json\/wp\/v2\/product"}],"about":[{"href":"https:\/\/hakaora.com\/en\/wp-json\/wp\/v2\/types\/product"}],"version-history":[{"count":2,"href":"https:\/\/hakaora.com\/en\/wp-json\/wp\/v2\/product\/1303\/revisions"}],"predecessor-version":[{"id":1532,"href":"https:\/\/hakaora.com\/en\/wp-json\/wp\/v2\/product\/1303\/revisions\/1532"}],"wp:featuredmedia":[{"embeddable":true,"href":"https:\/\/hakaora.com\/en\/wp-json\/wp\/v2\/media\/1304"}],"wp:attachment":[{"href":"https:\/\/hakaora.com\/en\/wp-json\/wp\/v2\/media?parent=1303"}],"wp:term":[{"taxonomy":"product_brand","embeddable":true,"href":"https:\/\/hakaora.com\/en\/wp-json\/wp\/v2\/product_brand?post=1303"},{"taxonomy":"product_cat","embeddable":true,"href":"https:\/\/hakaora.com\/en\/wp-json\/wp\/v2\/product_cat?post=1303"},{"taxonomy":"product_tag","embeddable":true,"href":"https:\/\/hakaora.com\/en\/wp-json\/wp\/v2\/product_tag?post=1303"}],"curies":[{"name":"wp","href":"https:\/\/api.w.org\/{rel}","templated":true}]}}