{"id":1306,"date":"2018-10-01T11:39:47","date_gmt":"2018-10-01T09:39:47","guid":{"rendered":"https:\/\/hakaora.com\/?post_type=product&#038;p=1306"},"modified":"2019-03-12T18:58:28","modified_gmt":"2019-03-12T17:58:28","slug":"canne-dent-de-phacochere-2","status":"publish","type":"product","link":"https:\/\/hakaora.com\/en\/product\/canne-dent-de-phacochere-2\/","title":{"rendered":"Hog tooth handle"},"content":{"rendered":"<p>Canne dont le pommeau est compos\u00e9 d&rsquo;une dent de phacoch\u00e8re et le fut incrust\u00e9 de nacre. Sans doute un souvenir de voyage.<\/p>","protected":false},"excerpt":{"rendered":"<p>C 2<\/p>","protected":false},"featured_media":1307,"template":"","meta":[],"product_brand":[],"product_cat":[73,51],"product_tag":[],"class_list":{"0":"post-1306","1":"product","2":"type-product","3":"status-publish","4":"has-post-thumbnail","6":"product_cat-c-2-150-a-250-e","7":"product_cat-pommeau-en-os","9":"first","10":"instock","11":"shipping-taxable","12":"purchasable","13":"product-type-simple"},"_links":{"self":[{"href":"https:\/\/hakaora.com\/en\/wp-json\/wp\/v2\/product\/1306","targetHints":{"allow":["GET"]}}],"collection":[{"href":"https:\/\/hakaora.com\/en\/wp-json\/wp\/v2\/product"}],"about":[{"href":"https:\/\/hakaora.com\/en\/wp-json\/wp\/v2\/types\/product"}],"version-history":[{"count":2,"href":"https:\/\/hakaora.com\/en\/wp-json\/wp\/v2\/product\/1306\/revisions"}],"predecessor-version":[{"id":1533,"href":"https:\/\/hakaora.com\/en\/wp-json\/wp\/v2\/product\/1306\/revisions\/1533"}],"wp:featuredmedia":[{"embeddable":true,"href":"https:\/\/hakaora.com\/en\/wp-json\/wp\/v2\/media\/1307"}],"wp:attachment":[{"href":"https:\/\/hakaora.com\/en\/wp-json\/wp\/v2\/media?parent=1306"}],"wp:term":[{"taxonomy":"product_brand","embeddable":true,"href":"https:\/\/hakaora.com\/en\/wp-json\/wp\/v2\/product_brand?post=1306"},{"taxonomy":"product_cat","embeddable":true,"href":"https:\/\/hakaora.com\/en\/wp-json\/wp\/v2\/product_cat?post=1306"},{"taxonomy":"product_tag","embeddable":true,"href":"https:\/\/hakaora.com\/en\/wp-json\/wp\/v2\/product_tag?post=1306"}],"curies":[{"name":"wp","href":"https:\/\/api.w.org\/{rel}","templated":true}]}}