{"id":1309,"date":"2018-10-01T11:40:38","date_gmt":"2018-10-01T09:40:38","guid":{"rendered":"https:\/\/hakaora.com\/?post_type=product&#038;p=1309"},"modified":"2019-03-12T18:58:39","modified_gmt":"2019-03-12T17:58:39","slug":"canne-dent-de-phacochere-3","status":"publish","type":"product","link":"https:\/\/hakaora.com\/en\/product\/canne-dent-de-phacochere-3\/","title":{"rendered":"Hog tooth handle"},"content":{"rendered":"<p>Canne dent de phacoch\u00e8re avec fut en \u00e9b\u00e8ne.<\/p>","protected":false},"excerpt":{"rendered":"<p>C 2<\/p>","protected":false},"featured_media":1310,"template":"","meta":[],"product_brand":[],"product_cat":[73,44],"product_tag":[],"class_list":{"0":"post-1309","1":"product","2":"type-product","3":"status-publish","4":"has-post-thumbnail","6":"product_cat-c-2-150-a-250-e","7":"product_cat-pommeau-en-corne","9":"first","10":"instock","11":"shipping-taxable","12":"purchasable","13":"product-type-simple"},"_links":{"self":[{"href":"https:\/\/hakaora.com\/en\/wp-json\/wp\/v2\/product\/1309","targetHints":{"allow":["GET"]}}],"collection":[{"href":"https:\/\/hakaora.com\/en\/wp-json\/wp\/v2\/product"}],"about":[{"href":"https:\/\/hakaora.com\/en\/wp-json\/wp\/v2\/types\/product"}],"version-history":[{"count":2,"href":"https:\/\/hakaora.com\/en\/wp-json\/wp\/v2\/product\/1309\/revisions"}],"predecessor-version":[{"id":1534,"href":"https:\/\/hakaora.com\/en\/wp-json\/wp\/v2\/product\/1309\/revisions\/1534"}],"wp:featuredmedia":[{"embeddable":true,"href":"https:\/\/hakaora.com\/en\/wp-json\/wp\/v2\/media\/1310"}],"wp:attachment":[{"href":"https:\/\/hakaora.com\/en\/wp-json\/wp\/v2\/media?parent=1309"}],"wp:term":[{"taxonomy":"product_brand","embeddable":true,"href":"https:\/\/hakaora.com\/en\/wp-json\/wp\/v2\/product_brand?post=1309"},{"taxonomy":"product_cat","embeddable":true,"href":"https:\/\/hakaora.com\/en\/wp-json\/wp\/v2\/product_cat?post=1309"},{"taxonomy":"product_tag","embeddable":true,"href":"https:\/\/hakaora.com\/en\/wp-json\/wp\/v2\/product_tag?post=1309"}],"curies":[{"name":"wp","href":"https:\/\/api.w.org\/{rel}","templated":true}]}}