{"id":1315,"date":"2018-10-01T11:49:29","date_gmt":"2018-10-01T09:49:29","guid":{"rendered":"https:\/\/hakaora.com\/?post_type=product&#038;p=1315"},"modified":"2019-03-12T18:58:56","modified_gmt":"2019-03-12T17:58:56","slug":"canne-epee-10","status":"publish","type":"product","link":"https:\/\/hakaora.com\/en\/product\/canne-epee-10\/","title":{"rendered":"Sword stick"},"content":{"rendered":"<p>Petite canne \u00e9p\u00e9e ayant certainement appartenue \u00e0 une Dame.<\/p>","protected":false},"excerpt":{"rendered":"<p>C 3<\/p>","protected":false},"featured_media":1316,"template":"","meta":[],"product_brand":[],"product_cat":[74,39],"product_tag":[],"class_list":{"0":"post-1315","1":"product","2":"type-product","3":"status-publish","4":"has-post-thumbnail","6":"product_cat-c-3-250-a-350-e","7":"product_cat-cannes-de-defense","9":"first","10":"instock","11":"shipping-taxable","12":"purchasable","13":"product-type-simple"},"_links":{"self":[{"href":"https:\/\/hakaora.com\/en\/wp-json\/wp\/v2\/product\/1315","targetHints":{"allow":["GET"]}}],"collection":[{"href":"https:\/\/hakaora.com\/en\/wp-json\/wp\/v2\/product"}],"about":[{"href":"https:\/\/hakaora.com\/en\/wp-json\/wp\/v2\/types\/product"}],"version-history":[{"count":2,"href":"https:\/\/hakaora.com\/en\/wp-json\/wp\/v2\/product\/1315\/revisions"}],"predecessor-version":[{"id":1536,"href":"https:\/\/hakaora.com\/en\/wp-json\/wp\/v2\/product\/1315\/revisions\/1536"}],"wp:featuredmedia":[{"embeddable":true,"href":"https:\/\/hakaora.com\/en\/wp-json\/wp\/v2\/media\/1316"}],"wp:attachment":[{"href":"https:\/\/hakaora.com\/en\/wp-json\/wp\/v2\/media?parent=1315"}],"wp:term":[{"taxonomy":"product_brand","embeddable":true,"href":"https:\/\/hakaora.com\/en\/wp-json\/wp\/v2\/product_brand?post=1315"},{"taxonomy":"product_cat","embeddable":true,"href":"https:\/\/hakaora.com\/en\/wp-json\/wp\/v2\/product_cat?post=1315"},{"taxonomy":"product_tag","embeddable":true,"href":"https:\/\/hakaora.com\/en\/wp-json\/wp\/v2\/product_tag?post=1315"}],"curies":[{"name":"wp","href":"https:\/\/api.w.org\/{rel}","templated":true}]}}