{"id":1322,"date":"2018-10-01T11:53:29","date_gmt":"2018-10-01T09:53:29","guid":{"rendered":"https:\/\/hakaora.com\/?post_type=product&#038;p=1322"},"modified":"2019-03-12T18:59:17","modified_gmt":"2019-03-12T17:59:17","slug":"canne-epee-de-marine","status":"publish","type":"product","link":"https:\/\/hakaora.com\/en\/product\/canne-epee-de-marine\/","title":{"rendered":"Nautical sword stick"},"content":{"rendered":"<p>Tr\u00e8s rare canne \u00e9p\u00e9e de marine.<\/p>\n<p>Le fut est compos\u00e9 de sections d&rsquo;ivoire.<\/p>\n<p>La lame en partie torsad\u00e9e est poin\u00e7onn\u00e9e d&rsquo;une ancre.<\/p>","protected":false},"excerpt":{"rendered":"<p>C 5<\/p>","protected":false},"featured_media":1323,"template":"","meta":[],"product_brand":[],"product_cat":[76,39],"product_tag":[],"class_list":{"0":"post-1322","1":"product","2":"type-product","3":"status-publish","4":"has-post-thumbnail","6":"product_cat-c-5-plus-de-500-e","7":"product_cat-cannes-de-defense","9":"first","10":"instock","11":"shipping-taxable","12":"purchasable","13":"product-type-simple"},"_links":{"self":[{"href":"https:\/\/hakaora.com\/en\/wp-json\/wp\/v2\/product\/1322","targetHints":{"allow":["GET"]}}],"collection":[{"href":"https:\/\/hakaora.com\/en\/wp-json\/wp\/v2\/product"}],"about":[{"href":"https:\/\/hakaora.com\/en\/wp-json\/wp\/v2\/types\/product"}],"version-history":[{"count":2,"href":"https:\/\/hakaora.com\/en\/wp-json\/wp\/v2\/product\/1322\/revisions"}],"predecessor-version":[{"id":1538,"href":"https:\/\/hakaora.com\/en\/wp-json\/wp\/v2\/product\/1322\/revisions\/1538"}],"wp:featuredmedia":[{"embeddable":true,"href":"https:\/\/hakaora.com\/en\/wp-json\/wp\/v2\/media\/1323"}],"wp:attachment":[{"href":"https:\/\/hakaora.com\/en\/wp-json\/wp\/v2\/media?parent=1322"}],"wp:term":[{"taxonomy":"product_brand","embeddable":true,"href":"https:\/\/hakaora.com\/en\/wp-json\/wp\/v2\/product_brand?post=1322"},{"taxonomy":"product_cat","embeddable":true,"href":"https:\/\/hakaora.com\/en\/wp-json\/wp\/v2\/product_cat?post=1322"},{"taxonomy":"product_tag","embeddable":true,"href":"https:\/\/hakaora.com\/en\/wp-json\/wp\/v2\/product_tag?post=1322"}],"curies":[{"name":"wp","href":"https:\/\/api.w.org\/{rel}","templated":true}]}}