{"id":1331,"date":"2018-10-01T11:59:11","date_gmt":"2018-10-01T09:59:11","guid":{"rendered":"https:\/\/hakaora.com\/?post_type=product&#038;p=1331"},"modified":"2019-03-12T18:59:55","modified_gmt":"2019-03-12T17:59:55","slug":"canne-dite-de-garcon-boucher","status":"publish","type":"product","link":"https:\/\/hakaora.com\/en\/product\/canne-dite-de-garcon-boucher\/","title":{"rendered":"Stunning defensive cane"},"content":{"rendered":"<p>Rare canne de d\u00e9fense avec ejection des pointes soit en tirant la bague du pommeau soit simplement en tapant la canne sur le sol.<\/p>\n<p>Un grand merci \u00e0 Pascal qui \u00e0 su d\u00e9nicher cette raret\u00e9.<\/p>","protected":false},"excerpt":{"rendered":"<p>C 5<\/p>","protected":false},"featured_media":1332,"template":"","meta":[],"product_brand":[],"product_cat":[76,39],"product_tag":[],"class_list":{"0":"post-1331","1":"product","2":"type-product","3":"status-publish","4":"has-post-thumbnail","6":"product_cat-c-5-plus-de-500-e","7":"product_cat-cannes-de-defense","9":"first","10":"instock","11":"shipping-taxable","12":"purchasable","13":"product-type-simple"},"_links":{"self":[{"href":"https:\/\/hakaora.com\/en\/wp-json\/wp\/v2\/product\/1331","targetHints":{"allow":["GET"]}}],"collection":[{"href":"https:\/\/hakaora.com\/en\/wp-json\/wp\/v2\/product"}],"about":[{"href":"https:\/\/hakaora.com\/en\/wp-json\/wp\/v2\/types\/product"}],"version-history":[{"count":3,"href":"https:\/\/hakaora.com\/en\/wp-json\/wp\/v2\/product\/1331\/revisions"}],"predecessor-version":[{"id":1498,"href":"https:\/\/hakaora.com\/en\/wp-json\/wp\/v2\/product\/1331\/revisions\/1498"}],"wp:featuredmedia":[{"embeddable":true,"href":"https:\/\/hakaora.com\/en\/wp-json\/wp\/v2\/media\/1332"}],"wp:attachment":[{"href":"https:\/\/hakaora.com\/en\/wp-json\/wp\/v2\/media?parent=1331"}],"wp:term":[{"taxonomy":"product_brand","embeddable":true,"href":"https:\/\/hakaora.com\/en\/wp-json\/wp\/v2\/product_brand?post=1331"},{"taxonomy":"product_cat","embeddable":true,"href":"https:\/\/hakaora.com\/en\/wp-json\/wp\/v2\/product_cat?post=1331"},{"taxonomy":"product_tag","embeddable":true,"href":"https:\/\/hakaora.com\/en\/wp-json\/wp\/v2\/product_tag?post=1331"}],"curies":[{"name":"wp","href":"https:\/\/api.w.org\/{rel}","templated":true}]}}