{"id":1353,"date":"2018-10-01T12:12:16","date_gmt":"2018-10-01T10:12:16","guid":{"rendered":"https:\/\/hakaora.com\/?post_type=product&#038;p=1353"},"modified":"2019-03-12T18:50:56","modified_gmt":"2019-03-12T17:50:56","slug":"canne-de-mineur-2","status":"publish","type":"product","link":"https:\/\/hakaora.com\/en\/product\/canne-de-mineur-2\/","title":{"rendered":"Miner or Geologist cane"},"content":{"rendered":"<p>Canne de mineur avec fut compos\u00e9 de lamelles de cuir mont\u00e9es sur tige d&rsquo;acier.canne souple pouvant \u00e9galement service \u00e0 se d\u00e9fendre.<\/p>","protected":false},"excerpt":{"rendered":"<p>C 2<\/p>","protected":false},"featured_media":1354,"template":"","meta":[],"product_brand":[],"product_cat":[49,73,39],"product_tag":[],"class_list":{"0":"post-1353","1":"product","2":"type-product","3":"status-publish","4":"has-post-thumbnail","6":"product_cat-autres-systemes","7":"product_cat-c-2-150-a-250-e","8":"product_cat-cannes-de-defense","10":"first","11":"instock","12":"shipping-taxable","13":"purchasable","14":"product-type-simple"},"_links":{"self":[{"href":"https:\/\/hakaora.com\/en\/wp-json\/wp\/v2\/product\/1353","targetHints":{"allow":["GET"]}}],"collection":[{"href":"https:\/\/hakaora.com\/en\/wp-json\/wp\/v2\/product"}],"about":[{"href":"https:\/\/hakaora.com\/en\/wp-json\/wp\/v2\/types\/product"}],"version-history":[{"count":2,"href":"https:\/\/hakaora.com\/en\/wp-json\/wp\/v2\/product\/1353\/revisions"}],"predecessor-version":[{"id":1505,"href":"https:\/\/hakaora.com\/en\/wp-json\/wp\/v2\/product\/1353\/revisions\/1505"}],"wp:featuredmedia":[{"embeddable":true,"href":"https:\/\/hakaora.com\/en\/wp-json\/wp\/v2\/media\/1354"}],"wp:attachment":[{"href":"https:\/\/hakaora.com\/en\/wp-json\/wp\/v2\/media?parent=1353"}],"wp:term":[{"taxonomy":"product_brand","embeddable":true,"href":"https:\/\/hakaora.com\/en\/wp-json\/wp\/v2\/product_brand?post=1353"},{"taxonomy":"product_cat","embeddable":true,"href":"https:\/\/hakaora.com\/en\/wp-json\/wp\/v2\/product_cat?post=1353"},{"taxonomy":"product_tag","embeddable":true,"href":"https:\/\/hakaora.com\/en\/wp-json\/wp\/v2\/product_tag?post=1353"}],"curies":[{"name":"wp","href":"https:\/\/api.w.org\/{rel}","templated":true}]}}