{"id":1374,"date":"2018-10-01T12:22:25","date_gmt":"2018-10-01T10:22:25","guid":{"rendered":"https:\/\/hakaora.com\/?post_type=product&#038;p=1374"},"modified":"2019-03-12T18:52:15","modified_gmt":"2019-03-12T17:52:15","slug":"canne-sunday-club-2","status":"publish","type":"product","link":"https:\/\/hakaora.com\/en\/product\/canne-sunday-club-2\/","title":{"rendered":"Sunday club"},"content":{"rendered":"<p>Les cannes sunday club, sous l\u2019allure de cannes traditionnelles, \u00e9taient utilis\u00e9e le jour du sabbat lorsque la pratique du golf \u00e9tait prohib\u00e9e.<\/p>","protected":false},"excerpt":{"rendered":"<p>C 3<\/p>","protected":false},"featured_media":1375,"template":"","meta":[],"product_brand":[],"product_cat":[49,74],"product_tag":[],"class_list":{"0":"post-1374","1":"product","2":"type-product","3":"status-publish","4":"has-post-thumbnail","6":"product_cat-autres-systemes","7":"product_cat-c-3-250-a-350-e","9":"first","10":"instock","11":"shipping-taxable","12":"purchasable","13":"product-type-simple"},"_links":{"self":[{"href":"https:\/\/hakaora.com\/en\/wp-json\/wp\/v2\/product\/1374","targetHints":{"allow":["GET"]}}],"collection":[{"href":"https:\/\/hakaora.com\/en\/wp-json\/wp\/v2\/product"}],"about":[{"href":"https:\/\/hakaora.com\/en\/wp-json\/wp\/v2\/types\/product"}],"version-history":[{"count":2,"href":"https:\/\/hakaora.com\/en\/wp-json\/wp\/v2\/product\/1374\/revisions"}],"predecessor-version":[{"id":1513,"href":"https:\/\/hakaora.com\/en\/wp-json\/wp\/v2\/product\/1374\/revisions\/1513"}],"wp:featuredmedia":[{"embeddable":true,"href":"https:\/\/hakaora.com\/en\/wp-json\/wp\/v2\/media\/1375"}],"wp:attachment":[{"href":"https:\/\/hakaora.com\/en\/wp-json\/wp\/v2\/media?parent=1374"}],"wp:term":[{"taxonomy":"product_brand","embeddable":true,"href":"https:\/\/hakaora.com\/en\/wp-json\/wp\/v2\/product_brand?post=1374"},{"taxonomy":"product_cat","embeddable":true,"href":"https:\/\/hakaora.com\/en\/wp-json\/wp\/v2\/product_cat?post=1374"},{"taxonomy":"product_tag","embeddable":true,"href":"https:\/\/hakaora.com\/en\/wp-json\/wp\/v2\/product_tag?post=1374"}],"curies":[{"name":"wp","href":"https:\/\/api.w.org\/{rel}","templated":true}]}}