{"id":1405,"date":"2018-10-03T10:32:57","date_gmt":"2018-10-03T08:32:57","guid":{"rendered":"https:\/\/hakaora.com\/?post_type=product&#038;p=1405"},"modified":"2024-01-18T10:25:10","modified_gmt":"2024-01-18T09:25:10","slug":"canne-epee-maconique","status":"publish","type":"product","link":"https:\/\/hakaora.com\/en\/product\/canne-epee-maconique\/","title":{"rendered":"Canne \u00e9p\u00e9e ma\u00e7onnique"},"content":{"rendered":"<p>Canne contenant une \u00e9p\u00e9e de c\u00e9r\u00e9monie. Le fut est m\u00e9tallique et gain\u00e9 de cuir.<\/p>\n<p>La lame de l&rsquo;\u00e9p\u00e9e est grav\u00e9e avec de nombreux symboles.<\/p>\n<p>La garde de l&rsquo;\u00e9p\u00e9e n&rsquo;est pas contenu dans le fut mais \u00e9tait transport\u00e9 dans une petite palette de cuir qui contenait aussi le col, le tablier et les poign\u00e9es agr\u00e9mentant la tenue.<\/p>\n<p>Origine anglaise.<\/p>","protected":false},"excerpt":{"rendered":"<p>C 5<\/p>","protected":false},"featured_media":1406,"template":"","meta":[],"product_brand":[],"product_cat":[49,76,15],"product_tag":[],"class_list":{"0":"post-1405","1":"product","2":"type-product","3":"status-publish","4":"has-post-thumbnail","6":"product_cat-autres-systemes","7":"product_cat-c-5-plus-de-500-e","8":"product_cat-collections","10":"first","11":"instock","12":"shipping-taxable","13":"purchasable","14":"product-type-simple"},"_links":{"self":[{"href":"https:\/\/hakaora.com\/en\/wp-json\/wp\/v2\/product\/1405","targetHints":{"allow":["GET"]}}],"collection":[{"href":"https:\/\/hakaora.com\/en\/wp-json\/wp\/v2\/product"}],"about":[{"href":"https:\/\/hakaora.com\/en\/wp-json\/wp\/v2\/types\/product"}],"version-history":[{"count":3,"href":"https:\/\/hakaora.com\/en\/wp-json\/wp\/v2\/product\/1405\/revisions"}],"predecessor-version":[{"id":8336,"href":"https:\/\/hakaora.com\/en\/wp-json\/wp\/v2\/product\/1405\/revisions\/8336"}],"wp:featuredmedia":[{"embeddable":true,"href":"https:\/\/hakaora.com\/en\/wp-json\/wp\/v2\/media\/1406"}],"wp:attachment":[{"href":"https:\/\/hakaora.com\/en\/wp-json\/wp\/v2\/media?parent=1405"}],"wp:term":[{"taxonomy":"product_brand","embeddable":true,"href":"https:\/\/hakaora.com\/en\/wp-json\/wp\/v2\/product_brand?post=1405"},{"taxonomy":"product_cat","embeddable":true,"href":"https:\/\/hakaora.com\/en\/wp-json\/wp\/v2\/product_cat?post=1405"},{"taxonomy":"product_tag","embeddable":true,"href":"https:\/\/hakaora.com\/en\/wp-json\/wp\/v2\/product_tag?post=1405"}],"curies":[{"name":"wp","href":"https:\/\/api.w.org\/{rel}","templated":true}]}}