{"id":1435,"date":"2018-10-03T10:50:08","date_gmt":"2018-10-03T08:50:08","guid":{"rendered":"https:\/\/hakaora.com\/?post_type=product&#038;p=1435"},"modified":"2019-03-19T12:51:01","modified_gmt":"2019-03-19T11:51:01","slug":"canne-milord-6","status":"publish","type":"product","link":"https:\/\/hakaora.com\/en\/product\/canne-milord-6\/","title":{"rendered":"Gentleman cane"},"content":{"rendered":"<p>Canne milord avec pommeau tr\u00e8s d\u00e9cor\u00e9 en plaquage or.<\/p>\n<p>Gentleman cane with very decorated gold plated pommel.<\/p>","protected":false},"excerpt":{"rendered":"<p>C 2<\/p>","protected":false},"featured_media":1436,"template":"","meta":[],"product_brand":[],"product_cat":[73,46],"product_tag":[],"class_list":{"0":"post-1435","1":"product","2":"type-product","3":"status-publish","4":"has-post-thumbnail","6":"product_cat-c-2-150-a-250-e","7":"product_cat-pommeau-en-or","9":"first","10":"instock","11":"shipping-taxable","12":"purchasable","13":"product-type-simple"},"_links":{"self":[{"href":"https:\/\/hakaora.com\/en\/wp-json\/wp\/v2\/product\/1435","targetHints":{"allow":["GET"]}}],"collection":[{"href":"https:\/\/hakaora.com\/en\/wp-json\/wp\/v2\/product"}],"about":[{"href":"https:\/\/hakaora.com\/en\/wp-json\/wp\/v2\/types\/product"}],"version-history":[{"count":4,"href":"https:\/\/hakaora.com\/en\/wp-json\/wp\/v2\/product\/1435\/revisions"}],"predecessor-version":[{"id":2102,"href":"https:\/\/hakaora.com\/en\/wp-json\/wp\/v2\/product\/1435\/revisions\/2102"}],"wp:featuredmedia":[{"embeddable":true,"href":"https:\/\/hakaora.com\/en\/wp-json\/wp\/v2\/media\/1436"}],"wp:attachment":[{"href":"https:\/\/hakaora.com\/en\/wp-json\/wp\/v2\/media?parent=1435"}],"wp:term":[{"taxonomy":"product_brand","embeddable":true,"href":"https:\/\/hakaora.com\/en\/wp-json\/wp\/v2\/product_brand?post=1435"},{"taxonomy":"product_cat","embeddable":true,"href":"https:\/\/hakaora.com\/en\/wp-json\/wp\/v2\/product_cat?post=1435"},{"taxonomy":"product_tag","embeddable":true,"href":"https:\/\/hakaora.com\/en\/wp-json\/wp\/v2\/product_tag?post=1435"}],"curies":[{"name":"wp","href":"https:\/\/api.w.org\/{rel}","templated":true}]}}