{"id":1438,"date":"2018-10-03T10:51:51","date_gmt":"2018-10-03T08:51:51","guid":{"rendered":"https:\/\/hakaora.com\/?post_type=product&#038;p=1438"},"modified":"2019-03-19T12:49:42","modified_gmt":"2019-03-19T11:49:42","slug":"canne-montre-2","status":"publish","type":"product","link":"https:\/\/hakaora.com\/en\/product\/canne-montre-2\/","title":{"rendered":"watch cane"},"content":{"rendered":"<p>Canne avec pommeau servant \u00e0 contenir une montre gousset. La montre pr\u00e9sente n&rsquo;est sans doute pas d&rsquo;\u00e9poque.<\/p>\n<p>Watch cane. The watch is not the original one.<\/p>","protected":false},"excerpt":{"rendered":"<p>C 4<\/p>","protected":false},"featured_media":1439,"template":"","meta":[],"product_brand":[],"product_cat":[49,75],"product_tag":[],"class_list":{"0":"post-1438","1":"product","2":"type-product","3":"status-publish","4":"has-post-thumbnail","6":"product_cat-autres-systemes","7":"product_cat-c-4-350-a-500-e","9":"first","10":"instock","11":"shipping-taxable","12":"purchasable","13":"product-type-simple"},"_links":{"self":[{"href":"https:\/\/hakaora.com\/en\/wp-json\/wp\/v2\/product\/1438","targetHints":{"allow":["GET"]}}],"collection":[{"href":"https:\/\/hakaora.com\/en\/wp-json\/wp\/v2\/product"}],"about":[{"href":"https:\/\/hakaora.com\/en\/wp-json\/wp\/v2\/types\/product"}],"version-history":[{"count":4,"href":"https:\/\/hakaora.com\/en\/wp-json\/wp\/v2\/product\/1438\/revisions"}],"predecessor-version":[{"id":2100,"href":"https:\/\/hakaora.com\/en\/wp-json\/wp\/v2\/product\/1438\/revisions\/2100"}],"wp:featuredmedia":[{"embeddable":true,"href":"https:\/\/hakaora.com\/en\/wp-json\/wp\/v2\/media\/1439"}],"wp:attachment":[{"href":"https:\/\/hakaora.com\/en\/wp-json\/wp\/v2\/media?parent=1438"}],"wp:term":[{"taxonomy":"product_brand","embeddable":true,"href":"https:\/\/hakaora.com\/en\/wp-json\/wp\/v2\/product_brand?post=1438"},{"taxonomy":"product_cat","embeddable":true,"href":"https:\/\/hakaora.com\/en\/wp-json\/wp\/v2\/product_cat?post=1438"},{"taxonomy":"product_tag","embeddable":true,"href":"https:\/\/hakaora.com\/en\/wp-json\/wp\/v2\/product_tag?post=1438"}],"curies":[{"name":"wp","href":"https:\/\/api.w.org\/{rel}","templated":true}]}}