{"id":1448,"date":"2018-10-03T10:58:41","date_gmt":"2018-10-03T08:58:41","guid":{"rendered":"https:\/\/hakaora.com\/?post_type=product&#038;p=1448"},"modified":"2019-03-19T12:46:36","modified_gmt":"2019-03-19T11:46:36","slug":"canne-sirene","status":"publish","type":"product","link":"https:\/\/hakaora.com\/en\/product\/canne-sirene\/","title":{"rendered":"Siren cane"},"content":{"rendered":"<p>Canne sir\u00e8ne permettant d&rsquo;avertir en cas de difficult\u00e9. Servait \u00e9galement de gadget pour divertir.<\/p>\n<p>Siren stick used to call for help. Also used for fun.<\/p>","protected":false},"excerpt":{"rendered":"<p>C 4<\/p>","protected":false},"featured_media":1449,"template":"","meta":[],"product_brand":[],"product_cat":[49,75],"product_tag":[],"class_list":{"0":"post-1448","1":"product","2":"type-product","3":"status-publish","4":"has-post-thumbnail","6":"product_cat-autres-systemes","7":"product_cat-c-4-350-a-500-e","9":"first","10":"instock","11":"shipping-taxable","12":"purchasable","13":"product-type-simple"},"_links":{"self":[{"href":"https:\/\/hakaora.com\/en\/wp-json\/wp\/v2\/product\/1448","targetHints":{"allow":["GET"]}}],"collection":[{"href":"https:\/\/hakaora.com\/en\/wp-json\/wp\/v2\/product"}],"about":[{"href":"https:\/\/hakaora.com\/en\/wp-json\/wp\/v2\/types\/product"}],"version-history":[{"count":6,"href":"https:\/\/hakaora.com\/en\/wp-json\/wp\/v2\/product\/1448\/revisions"}],"predecessor-version":[{"id":2096,"href":"https:\/\/hakaora.com\/en\/wp-json\/wp\/v2\/product\/1448\/revisions\/2096"}],"wp:featuredmedia":[{"embeddable":true,"href":"https:\/\/hakaora.com\/en\/wp-json\/wp\/v2\/media\/1449"}],"wp:attachment":[{"href":"https:\/\/hakaora.com\/en\/wp-json\/wp\/v2\/media?parent=1448"}],"wp:term":[{"taxonomy":"product_brand","embeddable":true,"href":"https:\/\/hakaora.com\/en\/wp-json\/wp\/v2\/product_brand?post=1448"},{"taxonomy":"product_cat","embeddable":true,"href":"https:\/\/hakaora.com\/en\/wp-json\/wp\/v2\/product_cat?post=1448"},{"taxonomy":"product_tag","embeddable":true,"href":"https:\/\/hakaora.com\/en\/wp-json\/wp\/v2\/product_tag?post=1448"}],"curies":[{"name":"wp","href":"https:\/\/api.w.org\/{rel}","templated":true}]}}