{"id":1961,"date":"2019-01-02T10:47:36","date_gmt":"2019-01-02T09:47:36","guid":{"rendered":"https:\/\/hakaora.com\/?post_type=product&#038;p=1961"},"modified":"2019-03-19T12:42:25","modified_gmt":"2019-03-19T11:42:25","slug":"canne-de-marin-7","status":"publish","type":"product","link":"https:\/\/hakaora.com\/en\/product\/canne-de-marin-7\/","title":{"rendered":"Sailor cane"},"content":{"rendered":"<p>Simple canne avec un fut en os de c\u00e9tac\u00e9s et un pommeau \u00e9querre en os.<\/p>\n<p>Cane with square pommel made of whale bone.<\/p>","protected":false},"excerpt":{"rendered":"<p>C 5<\/p>","protected":false},"featured_media":1962,"template":"","meta":[],"product_brand":[],"product_cat":[76,51],"product_tag":[],"class_list":{"0":"post-1961","1":"product","2":"type-product","3":"status-publish","4":"has-post-thumbnail","6":"product_cat-c-5-plus-de-500-e","7":"product_cat-pommeau-en-os","9":"first","10":"instock","11":"shipping-taxable","12":"purchasable","13":"product-type-simple"},"_links":{"self":[{"href":"https:\/\/hakaora.com\/en\/wp-json\/wp\/v2\/product\/1961","targetHints":{"allow":["GET"]}}],"collection":[{"href":"https:\/\/hakaora.com\/en\/wp-json\/wp\/v2\/product"}],"about":[{"href":"https:\/\/hakaora.com\/en\/wp-json\/wp\/v2\/types\/product"}],"version-history":[{"count":4,"href":"https:\/\/hakaora.com\/en\/wp-json\/wp\/v2\/product\/1961\/revisions"}],"predecessor-version":[{"id":2091,"href":"https:\/\/hakaora.com\/en\/wp-json\/wp\/v2\/product\/1961\/revisions\/2091"}],"wp:featuredmedia":[{"embeddable":true,"href":"https:\/\/hakaora.com\/en\/wp-json\/wp\/v2\/media\/1962"}],"wp:attachment":[{"href":"https:\/\/hakaora.com\/en\/wp-json\/wp\/v2\/media?parent=1961"}],"wp:term":[{"taxonomy":"product_brand","embeddable":true,"href":"https:\/\/hakaora.com\/en\/wp-json\/wp\/v2\/product_brand?post=1961"},{"taxonomy":"product_cat","embeddable":true,"href":"https:\/\/hakaora.com\/en\/wp-json\/wp\/v2\/product_cat?post=1961"},{"taxonomy":"product_tag","embeddable":true,"href":"https:\/\/hakaora.com\/en\/wp-json\/wp\/v2\/product_tag?post=1961"}],"curies":[{"name":"wp","href":"https:\/\/api.w.org\/{rel}","templated":true}]}}