{"id":1964,"date":"2019-01-02T10:50:03","date_gmt":"2019-01-02T09:50:03","guid":{"rendered":"https:\/\/hakaora.com\/?post_type=product&#038;p=1964"},"modified":"2019-03-19T12:40:47","modified_gmt":"2019-03-19T11:40:47","slug":"canne-de-marin-8","status":"publish","type":"product","link":"https:\/\/hakaora.com\/en\/product\/canne-de-marin-8\/","title":{"rendered":"Sailor cane"},"content":{"rendered":"<p>Canne avec pommeau en ardouiller et fut tr\u00e8s travaill\u00e9 en os de c\u00e9tac\u00e9s.<\/p>\n<p>Deer antler pommel for this cane with carved whale bone shaft.<\/p>","protected":false},"excerpt":{"rendered":"<p>C 5<\/p>","protected":false},"featured_media":1965,"template":"","meta":[],"product_brand":[],"product_cat":[76,44],"product_tag":[],"class_list":{"0":"post-1964","1":"product","2":"type-product","3":"status-publish","4":"has-post-thumbnail","6":"product_cat-c-5-plus-de-500-e","7":"product_cat-pommeau-en-corne","9":"first","10":"instock","11":"shipping-taxable","12":"product-type-simple"},"_links":{"self":[{"href":"https:\/\/hakaora.com\/en\/wp-json\/wp\/v2\/product\/1964","targetHints":{"allow":["GET"]}}],"collection":[{"href":"https:\/\/hakaora.com\/en\/wp-json\/wp\/v2\/product"}],"about":[{"href":"https:\/\/hakaora.com\/en\/wp-json\/wp\/v2\/types\/product"}],"version-history":[{"count":6,"href":"https:\/\/hakaora.com\/en\/wp-json\/wp\/v2\/product\/1964\/revisions"}],"predecessor-version":[{"id":2089,"href":"https:\/\/hakaora.com\/en\/wp-json\/wp\/v2\/product\/1964\/revisions\/2089"}],"wp:featuredmedia":[{"embeddable":true,"href":"https:\/\/hakaora.com\/en\/wp-json\/wp\/v2\/media\/1965"}],"wp:attachment":[{"href":"https:\/\/hakaora.com\/en\/wp-json\/wp\/v2\/media?parent=1964"}],"wp:term":[{"taxonomy":"product_brand","embeddable":true,"href":"https:\/\/hakaora.com\/en\/wp-json\/wp\/v2\/product_brand?post=1964"},{"taxonomy":"product_cat","embeddable":true,"href":"https:\/\/hakaora.com\/en\/wp-json\/wp\/v2\/product_cat?post=1964"},{"taxonomy":"product_tag","embeddable":true,"href":"https:\/\/hakaora.com\/en\/wp-json\/wp\/v2\/product_tag?post=1964"}],"curies":[{"name":"wp","href":"https:\/\/api.w.org\/{rel}","templated":true}]}}