{"id":211,"date":"2018-09-04T12:09:15","date_gmt":"2018-09-04T10:09:15","guid":{"rendered":"https:\/\/hakaora.com\/?post_type=product&#038;p=211"},"modified":"2019-03-13T10:40:51","modified_gmt":"2019-03-13T09:40:51","slug":"canne-art-deco","status":"publish","type":"product","link":"https:\/\/hakaora.com\/en\/product\/canne-art-deco\/","title":{"rendered":"Art deco cane"},"content":{"rendered":"<p>Cette canne est typique des ann\u00e9es Art d\u00e9co avec son fut carr\u00e9<\/p>","protected":false},"excerpt":{"rendered":"<p>C 2<\/p>","protected":false},"featured_media":952,"template":"","meta":[],"product_brand":[],"product_cat":[73,43],"product_tag":[],"class_list":{"0":"post-211","1":"product","2":"type-product","3":"status-publish","4":"has-post-thumbnail","6":"product_cat-c-2-150-a-250-e","7":"product_cat-pommeau-en-argent","9":"first","10":"instock","11":"shipping-taxable","12":"purchasable","13":"product-type-simple"},"_links":{"self":[{"href":"https:\/\/hakaora.com\/en\/wp-json\/wp\/v2\/product\/211","targetHints":{"allow":["GET"]}}],"collection":[{"href":"https:\/\/hakaora.com\/en\/wp-json\/wp\/v2\/product"}],"about":[{"href":"https:\/\/hakaora.com\/en\/wp-json\/wp\/v2\/types\/product"}],"version-history":[{"count":2,"href":"https:\/\/hakaora.com\/en\/wp-json\/wp\/v2\/product\/211\/revisions"}],"predecessor-version":[{"id":1772,"href":"https:\/\/hakaora.com\/en\/wp-json\/wp\/v2\/product\/211\/revisions\/1772"}],"wp:featuredmedia":[{"embeddable":true,"href":"https:\/\/hakaora.com\/en\/wp-json\/wp\/v2\/media\/952"}],"wp:attachment":[{"href":"https:\/\/hakaora.com\/en\/wp-json\/wp\/v2\/media?parent=211"}],"wp:term":[{"taxonomy":"product_brand","embeddable":true,"href":"https:\/\/hakaora.com\/en\/wp-json\/wp\/v2\/product_brand?post=211"},{"taxonomy":"product_cat","embeddable":true,"href":"https:\/\/hakaora.com\/en\/wp-json\/wp\/v2\/product_cat?post=211"},{"taxonomy":"product_tag","embeddable":true,"href":"https:\/\/hakaora.com\/en\/wp-json\/wp\/v2\/product_tag?post=211"}],"curies":[{"name":"wp","href":"https:\/\/api.w.org\/{rel}","templated":true}]}}