{"id":223,"date":"2018-09-04T12:18:49","date_gmt":"2018-09-04T10:18:49","guid":{"rendered":"https:\/\/hakaora.com\/?post_type=product&#038;p=223"},"modified":"2019-03-13T10:42:16","modified_gmt":"2019-03-13T09:42:16","slug":"canne-tete-de-jockey","status":"publish","type":"product","link":"https:\/\/hakaora.com\/en\/product\/canne-tete-de-jockey\/","title":{"rendered":"Jockey head cane"},"content":{"rendered":"<p>Certainement une canne d&rsquo;amateur de courses Hippiques.<\/p>\n<p>Le pommeau est en bronze et tr\u00e8s lourd, il servait donc \u00e0 se d\u00e9fendre en cas d&rsquo;agression.<\/p>","protected":false},"excerpt":{"rendered":"<p>C 2<\/p>","protected":false},"featured_media":948,"template":"","meta":[],"product_brand":[],"product_cat":[73,39,47],"product_tag":[],"class_list":{"0":"post-223","1":"product","2":"type-product","3":"status-publish","4":"has-post-thumbnail","6":"product_cat-c-2-150-a-250-e","7":"product_cat-cannes-de-defense","8":"product_cat-pommeau-en-bronze","10":"first","11":"instock","12":"shipping-taxable","13":"purchasable","14":"product-type-simple"},"_links":{"self":[{"href":"https:\/\/hakaora.com\/en\/wp-json\/wp\/v2\/product\/223","targetHints":{"allow":["GET"]}}],"collection":[{"href":"https:\/\/hakaora.com\/en\/wp-json\/wp\/v2\/product"}],"about":[{"href":"https:\/\/hakaora.com\/en\/wp-json\/wp\/v2\/types\/product"}],"version-history":[{"count":2,"href":"https:\/\/hakaora.com\/en\/wp-json\/wp\/v2\/product\/223\/revisions"}],"predecessor-version":[{"id":1774,"href":"https:\/\/hakaora.com\/en\/wp-json\/wp\/v2\/product\/223\/revisions\/1774"}],"wp:featuredmedia":[{"embeddable":true,"href":"https:\/\/hakaora.com\/en\/wp-json\/wp\/v2\/media\/948"}],"wp:attachment":[{"href":"https:\/\/hakaora.com\/en\/wp-json\/wp\/v2\/media?parent=223"}],"wp:term":[{"taxonomy":"product_brand","embeddable":true,"href":"https:\/\/hakaora.com\/en\/wp-json\/wp\/v2\/product_brand?post=223"},{"taxonomy":"product_cat","embeddable":true,"href":"https:\/\/hakaora.com\/en\/wp-json\/wp\/v2\/product_cat?post=223"},{"taxonomy":"product_tag","embeddable":true,"href":"https:\/\/hakaora.com\/en\/wp-json\/wp\/v2\/product_tag?post=223"}],"curies":[{"name":"wp","href":"https:\/\/api.w.org\/{rel}","templated":true}]}}