{"id":239,"date":"2018-09-04T12:32:02","date_gmt":"2018-09-04T10:32:02","guid":{"rendered":"https:\/\/hakaora.com\/?post_type=product&#038;p=239"},"modified":"2019-03-13T10:42:43","modified_gmt":"2019-03-13T09:42:43","slug":"canne-de-defense","status":"publish","type":"product","link":"https:\/\/hakaora.com\/en\/product\/canne-de-defense\/","title":{"rendered":"Defensive cane"},"content":{"rendered":"<p>Canne dont le fut est fait de bois flexible et d&rsquo;un pommeau en ivoire.<\/p>\n<p>Ce type de canne de d\u00e9fense peuvent \u00e9galement \u00eatre dot\u00e9es d&rsquo;un fut compos\u00e9 de rondelles de cornes, de cuir, de vert\u00e8bres d&rsquo;animal marin ou de papier.<\/p>\n<p>Leur souplesse en faisait une arme redoutable<\/p>","protected":false},"excerpt":{"rendered":"<p>C 2<\/p>","protected":false},"featured_media":945,"template":"","meta":[],"product_brand":[],"product_cat":[73,39,45],"product_tag":[],"class_list":{"0":"post-239","1":"product","2":"type-product","3":"status-publish","4":"has-post-thumbnail","6":"product_cat-c-2-150-a-250-e","7":"product_cat-cannes-de-defense","8":"product_cat-pommeau-en-ivoire","10":"first","11":"instock","12":"shipping-taxable","13":"purchasable","14":"product-type-simple"},"_links":{"self":[{"href":"https:\/\/hakaora.com\/en\/wp-json\/wp\/v2\/product\/239","targetHints":{"allow":["GET"]}}],"collection":[{"href":"https:\/\/hakaora.com\/en\/wp-json\/wp\/v2\/product"}],"about":[{"href":"https:\/\/hakaora.com\/en\/wp-json\/wp\/v2\/types\/product"}],"version-history":[{"count":3,"href":"https:\/\/hakaora.com\/en\/wp-json\/wp\/v2\/product\/239\/revisions"}],"predecessor-version":[{"id":1746,"href":"https:\/\/hakaora.com\/en\/wp-json\/wp\/v2\/product\/239\/revisions\/1746"}],"wp:featuredmedia":[{"embeddable":true,"href":"https:\/\/hakaora.com\/en\/wp-json\/wp\/v2\/media\/945"}],"wp:attachment":[{"href":"https:\/\/hakaora.com\/en\/wp-json\/wp\/v2\/media?parent=239"}],"wp:term":[{"taxonomy":"product_brand","embeddable":true,"href":"https:\/\/hakaora.com\/en\/wp-json\/wp\/v2\/product_brand?post=239"},{"taxonomy":"product_cat","embeddable":true,"href":"https:\/\/hakaora.com\/en\/wp-json\/wp\/v2\/product_cat?post=239"},{"taxonomy":"product_tag","embeddable":true,"href":"https:\/\/hakaora.com\/en\/wp-json\/wp\/v2\/product_tag?post=239"}],"curies":[{"name":"wp","href":"https:\/\/api.w.org\/{rel}","templated":true}]}}