{"id":253,"date":"2018-09-04T12:41:18","date_gmt":"2018-09-04T10:41:18","guid":{"rendered":"https:\/\/hakaora.com\/?post_type=product&#038;p=253"},"modified":"2019-03-13T10:35:32","modified_gmt":"2019-03-13T09:35:32","slug":"canne-denfant-de-marin","status":"publish","type":"product","link":"https:\/\/hakaora.com\/en\/product\/canne-denfant-de-marin\/","title":{"rendered":"Child nautical cane"},"content":{"rendered":"<p>Canne dont le fut est compos\u00e9 de vert\u00e8bres de c\u00e9tac\u00e9 mont\u00e9es sur une tige de fer.<\/p>\n<p>La canne est flexible, ce qui en fait une canne de d\u00e9fense.<\/p>\n<p>Le plus remarquable sur cette canne est sa petite taille (79 cm), elle a certainement \u00e9t\u00e9 faite pour un enfant.<\/p>","protected":false},"excerpt":{"rendered":"<p>C 4<\/p>","protected":false},"featured_media":942,"template":"","meta":[],"product_brand":[],"product_cat":[75,28,39,44],"product_tag":[],"class_list":{"0":"post-253","1":"product","2":"type-product","3":"status-publish","4":"has-post-thumbnail","6":"product_cat-c-4-350-a-500-e","7":"product_cat-cannes-dart-populaire","8":"product_cat-cannes-de-defense","9":"product_cat-pommeau-en-corne","11":"first","12":"instock","13":"shipping-taxable","14":"purchasable","15":"product-type-simple"},"_links":{"self":[{"href":"https:\/\/hakaora.com\/en\/wp-json\/wp\/v2\/product\/253","targetHints":{"allow":["GET"]}}],"collection":[{"href":"https:\/\/hakaora.com\/en\/wp-json\/wp\/v2\/product"}],"about":[{"href":"https:\/\/hakaora.com\/en\/wp-json\/wp\/v2\/types\/product"}],"version-history":[{"count":2,"href":"https:\/\/hakaora.com\/en\/wp-json\/wp\/v2\/product\/253\/revisions"}],"predecessor-version":[{"id":1749,"href":"https:\/\/hakaora.com\/en\/wp-json\/wp\/v2\/product\/253\/revisions\/1749"}],"wp:featuredmedia":[{"embeddable":true,"href":"https:\/\/hakaora.com\/en\/wp-json\/wp\/v2\/media\/942"}],"wp:attachment":[{"href":"https:\/\/hakaora.com\/en\/wp-json\/wp\/v2\/media?parent=253"}],"wp:term":[{"taxonomy":"product_brand","embeddable":true,"href":"https:\/\/hakaora.com\/en\/wp-json\/wp\/v2\/product_brand?post=253"},{"taxonomy":"product_cat","embeddable":true,"href":"https:\/\/hakaora.com\/en\/wp-json\/wp\/v2\/product_cat?post=253"},{"taxonomy":"product_tag","embeddable":true,"href":"https:\/\/hakaora.com\/en\/wp-json\/wp\/v2\/product_tag?post=253"}],"curies":[{"name":"wp","href":"https:\/\/api.w.org\/{rel}","templated":true}]}}