{"id":289,"date":"2018-09-04T13:04:28","date_gmt":"2018-09-04T11:04:28","guid":{"rendered":"https:\/\/hakaora.com\/?post_type=product&#038;p=289"},"modified":"2019-03-13T10:36:40","modified_gmt":"2019-03-13T09:36:40","slug":"canne-de-mineur-ou-de-geologue","status":"publish","type":"product","link":"https:\/\/hakaora.com\/en\/product\/canne-de-mineur-ou-de-geologue\/","title":{"rendered":"Miner or Geologist cane"},"content":{"rendered":"<p>Le pommeau de la canne servait \u00e0 casser des roches.<\/p>\n<p>Le fut est compos\u00e9 de lamelles de cuir sur une tige en fer, ce qui permettait de se servir \u00e9galement de cette canne pour se d\u00e9fendre.<\/p>","protected":false},"excerpt":{"rendered":"<p>C 2<\/p>","protected":false},"featured_media":934,"template":"","meta":[],"product_brand":[],"product_cat":[49,73,39],"product_tag":[],"class_list":{"0":"post-289","1":"product","2":"type-product","3":"status-publish","4":"has-post-thumbnail","6":"product_cat-autres-systemes","7":"product_cat-c-2-150-a-250-e","8":"product_cat-cannes-de-defense","10":"first","11":"instock","12":"shipping-taxable","13":"purchasable","14":"product-type-simple"},"_links":{"self":[{"href":"https:\/\/hakaora.com\/en\/wp-json\/wp\/v2\/product\/289","targetHints":{"allow":["GET"]}}],"collection":[{"href":"https:\/\/hakaora.com\/en\/wp-json\/wp\/v2\/product"}],"about":[{"href":"https:\/\/hakaora.com\/en\/wp-json\/wp\/v2\/types\/product"}],"version-history":[{"count":2,"href":"https:\/\/hakaora.com\/en\/wp-json\/wp\/v2\/product\/289\/revisions"}],"predecessor-version":[{"id":1756,"href":"https:\/\/hakaora.com\/en\/wp-json\/wp\/v2\/product\/289\/revisions\/1756"}],"wp:featuredmedia":[{"embeddable":true,"href":"https:\/\/hakaora.com\/en\/wp-json\/wp\/v2\/media\/934"}],"wp:attachment":[{"href":"https:\/\/hakaora.com\/en\/wp-json\/wp\/v2\/media?parent=289"}],"wp:term":[{"taxonomy":"product_brand","embeddable":true,"href":"https:\/\/hakaora.com\/en\/wp-json\/wp\/v2\/product_brand?post=289"},{"taxonomy":"product_cat","embeddable":true,"href":"https:\/\/hakaora.com\/en\/wp-json\/wp\/v2\/product_cat?post=289"},{"taxonomy":"product_tag","embeddable":true,"href":"https:\/\/hakaora.com\/en\/wp-json\/wp\/v2\/product_tag?post=289"}],"curies":[{"name":"wp","href":"https:\/\/api.w.org\/{rel}","templated":true}]}}