{"id":295,"date":"2018-09-04T13:08:45","date_gmt":"2018-09-04T11:08:45","guid":{"rendered":"https:\/\/hakaora.com\/?post_type=product&#038;p=295"},"modified":"2019-03-13T10:36:52","modified_gmt":"2019-03-13T09:36:52","slug":"canne-de-randonnee-ou-de-chasseur","status":"publish","type":"product","link":"https:\/\/hakaora.com\/en\/product\/canne-de-randonnee-ou-de-chasseur\/","title":{"rendered":"Deer shaped handle"},"content":{"rendered":"<p>Le th\u00e8me du pommeau (cervid\u00e9) ainsi que la ferrule laisse \u00e0 penser que cette canne devait \u00eatre utilis\u00e9e en randonn\u00e9e en montagne ou par un chasseur parcourant les bois.<\/p>","protected":false},"excerpt":{"rendered":"<p>C 1<\/p>","protected":false},"featured_media":932,"template":"","meta":[],"product_brand":[],"product_cat":[48,72,27],"product_tag":[],"class_list":{"0":"post-295","1":"product","2":"type-product","3":"status-publish","4":"has-post-thumbnail","6":"product_cat-autres-pommeaux","7":"product_cat-c-1-50-a-150-e","8":"product_cat-cannes-animalieres","10":"first","11":"instock","12":"shipping-taxable","13":"purchasable","14":"product-type-simple"},"_links":{"self":[{"href":"https:\/\/hakaora.com\/en\/wp-json\/wp\/v2\/product\/295","targetHints":{"allow":["GET"]}}],"collection":[{"href":"https:\/\/hakaora.com\/en\/wp-json\/wp\/v2\/product"}],"about":[{"href":"https:\/\/hakaora.com\/en\/wp-json\/wp\/v2\/types\/product"}],"version-history":[{"count":2,"href":"https:\/\/hakaora.com\/en\/wp-json\/wp\/v2\/product\/295\/revisions"}],"predecessor-version":[{"id":1757,"href":"https:\/\/hakaora.com\/en\/wp-json\/wp\/v2\/product\/295\/revisions\/1757"}],"wp:featuredmedia":[{"embeddable":true,"href":"https:\/\/hakaora.com\/en\/wp-json\/wp\/v2\/media\/932"}],"wp:attachment":[{"href":"https:\/\/hakaora.com\/en\/wp-json\/wp\/v2\/media?parent=295"}],"wp:term":[{"taxonomy":"product_brand","embeddable":true,"href":"https:\/\/hakaora.com\/en\/wp-json\/wp\/v2\/product_brand?post=295"},{"taxonomy":"product_cat","embeddable":true,"href":"https:\/\/hakaora.com\/en\/wp-json\/wp\/v2\/product_cat?post=295"},{"taxonomy":"product_tag","embeddable":true,"href":"https:\/\/hakaora.com\/en\/wp-json\/wp\/v2\/product_tag?post=295"}],"curies":[{"name":"wp","href":"https:\/\/api.w.org\/{rel}","templated":true}]}}