{"id":302,"date":"2018-09-04T13:12:33","date_gmt":"2018-09-04T11:12:33","guid":{"rendered":"https:\/\/hakaora.com\/?post_type=product&#038;p=302"},"modified":"2019-03-13T10:37:02","modified_gmt":"2019-03-13T09:37:02","slug":"canne-de-gentleman","status":"publish","type":"product","link":"https:\/\/hakaora.com\/en\/product\/canne-de-gentleman\/","title":{"rendered":"Gentleman cane"},"content":{"rendered":"<p>Canne \u00e0 pommeau en bronze dor\u00e9 pr\u00e9sentant de nombreuses scenes.<\/p>","protected":false},"excerpt":{"rendered":"<p>C 2<\/p>","protected":false},"featured_media":930,"template":"","meta":[],"product_brand":[],"product_cat":[73,47],"product_tag":[],"class_list":{"0":"post-302","1":"product","2":"type-product","3":"status-publish","4":"has-post-thumbnail","6":"product_cat-c-2-150-a-250-e","7":"product_cat-pommeau-en-bronze","9":"first","10":"instock","11":"shipping-taxable","12":"purchasable","13":"product-type-simple"},"_links":{"self":[{"href":"https:\/\/hakaora.com\/en\/wp-json\/wp\/v2\/product\/302","targetHints":{"allow":["GET"]}}],"collection":[{"href":"https:\/\/hakaora.com\/en\/wp-json\/wp\/v2\/product"}],"about":[{"href":"https:\/\/hakaora.com\/en\/wp-json\/wp\/v2\/types\/product"}],"version-history":[{"count":2,"href":"https:\/\/hakaora.com\/en\/wp-json\/wp\/v2\/product\/302\/revisions"}],"predecessor-version":[{"id":1758,"href":"https:\/\/hakaora.com\/en\/wp-json\/wp\/v2\/product\/302\/revisions\/1758"}],"wp:featuredmedia":[{"embeddable":true,"href":"https:\/\/hakaora.com\/en\/wp-json\/wp\/v2\/media\/930"}],"wp:attachment":[{"href":"https:\/\/hakaora.com\/en\/wp-json\/wp\/v2\/media?parent=302"}],"wp:term":[{"taxonomy":"product_brand","embeddable":true,"href":"https:\/\/hakaora.com\/en\/wp-json\/wp\/v2\/product_brand?post=302"},{"taxonomy":"product_cat","embeddable":true,"href":"https:\/\/hakaora.com\/en\/wp-json\/wp\/v2\/product_cat?post=302"},{"taxonomy":"product_tag","embeddable":true,"href":"https:\/\/hakaora.com\/en\/wp-json\/wp\/v2\/product_tag?post=302"}],"curies":[{"name":"wp","href":"https:\/\/api.w.org\/{rel}","templated":true}]}}