{"id":339,"date":"2018-09-04T14:28:18","date_gmt":"2018-09-04T12:28:18","guid":{"rendered":"https:\/\/hakaora.com\/?post_type=product&#038;p=339"},"modified":"2019-03-13T10:38:04","modified_gmt":"2019-03-13T09:38:04","slug":"canne-de-defense-3","status":"publish","type":"product","link":"https:\/\/hakaora.com\/en\/product\/canne-de-defense-3\/","title":{"rendered":"Defensive cane"},"content":{"rendered":"<p>Pommeau en divers vari\u00e9t\u00e9s de bois et fut souple en cuir mont\u00e9 sur tige de fer.<\/p>","protected":false},"excerpt":{"rendered":"<p>C 2<\/p>\n<p>&nbsp;<\/p>","protected":false},"featured_media":923,"template":"","meta":[],"product_brand":[],"product_cat":[73,39],"product_tag":[],"class_list":{"0":"post-339","1":"product","2":"type-product","3":"status-publish","4":"has-post-thumbnail","6":"product_cat-c-2-150-a-250-e","7":"product_cat-cannes-de-defense","9":"first","10":"instock","11":"shipping-taxable","12":"purchasable","13":"product-type-simple"},"_links":{"self":[{"href":"https:\/\/hakaora.com\/en\/wp-json\/wp\/v2\/product\/339","targetHints":{"allow":["GET"]}}],"collection":[{"href":"https:\/\/hakaora.com\/en\/wp-json\/wp\/v2\/product"}],"about":[{"href":"https:\/\/hakaora.com\/en\/wp-json\/wp\/v2\/types\/product"}],"version-history":[{"count":2,"href":"https:\/\/hakaora.com\/en\/wp-json\/wp\/v2\/product\/339\/revisions"}],"predecessor-version":[{"id":1764,"href":"https:\/\/hakaora.com\/en\/wp-json\/wp\/v2\/product\/339\/revisions\/1764"}],"wp:featuredmedia":[{"embeddable":true,"href":"https:\/\/hakaora.com\/en\/wp-json\/wp\/v2\/media\/923"}],"wp:attachment":[{"href":"https:\/\/hakaora.com\/en\/wp-json\/wp\/v2\/media?parent=339"}],"wp:term":[{"taxonomy":"product_brand","embeddable":true,"href":"https:\/\/hakaora.com\/en\/wp-json\/wp\/v2\/product_brand?post=339"},{"taxonomy":"product_cat","embeddable":true,"href":"https:\/\/hakaora.com\/en\/wp-json\/wp\/v2\/product_cat?post=339"},{"taxonomy":"product_tag","embeddable":true,"href":"https:\/\/hakaora.com\/en\/wp-json\/wp\/v2\/product_tag?post=339"}],"curies":[{"name":"wp","href":"https:\/\/api.w.org\/{rel}","templated":true}]}}