{"id":3424,"date":"2019-09-02T16:36:32","date_gmt":"2019-09-02T14:36:32","guid":{"rendered":"https:\/\/hakaora.com\/?post_type=product&#038;p=3424"},"modified":"2019-09-02T16:36:32","modified_gmt":"2019-09-02T14:36:32","slug":"rare-canne-decrivain-pour-enfant","status":"publish","type":"product","link":"https:\/\/hakaora.com\/en\/product\/rare-canne-decrivain-pour-enfant\/","title":{"rendered":"Rare canne d&rsquo;\u00e9crivain pour enfant"},"content":{"rendered":"<p>Tr\u00e8s rare canne d&rsquo;\u00e9crivain pour enfant d&rsquo;une longueur de 66 cm. Marqu\u00e9e Cirkvenica (importante place touristique \u00e0 la fin du XIXeme si\u00e8cle.<\/p>\n<p>&nbsp;<\/p>","protected":false},"excerpt":{"rendered":"<p>C 5<\/p>","protected":false},"featured_media":3425,"template":"","meta":[],"product_brand":[],"product_cat":[76,41],"product_tag":[],"class_list":{"0":"post-3424","1":"product","2":"type-product","3":"status-publish","4":"has-post-thumbnail","6":"product_cat-c-5-plus-de-500-e","7":"product_cat-ecriture","9":"first","10":"instock","11":"shipping-taxable","12":"purchasable","13":"product-type-simple"},"_links":{"self":[{"href":"https:\/\/hakaora.com\/en\/wp-json\/wp\/v2\/product\/3424","targetHints":{"allow":["GET"]}}],"collection":[{"href":"https:\/\/hakaora.com\/en\/wp-json\/wp\/v2\/product"}],"about":[{"href":"https:\/\/hakaora.com\/en\/wp-json\/wp\/v2\/types\/product"}],"version-history":[{"count":1,"href":"https:\/\/hakaora.com\/en\/wp-json\/wp\/v2\/product\/3424\/revisions"}],"predecessor-version":[{"id":3426,"href":"https:\/\/hakaora.com\/en\/wp-json\/wp\/v2\/product\/3424\/revisions\/3426"}],"wp:featuredmedia":[{"embeddable":true,"href":"https:\/\/hakaora.com\/en\/wp-json\/wp\/v2\/media\/3425"}],"wp:attachment":[{"href":"https:\/\/hakaora.com\/en\/wp-json\/wp\/v2\/media?parent=3424"}],"wp:term":[{"taxonomy":"product_brand","embeddable":true,"href":"https:\/\/hakaora.com\/en\/wp-json\/wp\/v2\/product_brand?post=3424"},{"taxonomy":"product_cat","embeddable":true,"href":"https:\/\/hakaora.com\/en\/wp-json\/wp\/v2\/product_cat?post=3424"},{"taxonomy":"product_tag","embeddable":true,"href":"https:\/\/hakaora.com\/en\/wp-json\/wp\/v2\/product_tag?post=3424"}],"curies":[{"name":"wp","href":"https:\/\/api.w.org\/{rel}","templated":true}]}}