{"id":394,"date":"2018-09-05T11:28:27","date_gmt":"2018-09-05T09:28:27","guid":{"rendered":"https:\/\/hakaora.com\/?post_type=product&#038;p=394"},"modified":"2019-03-13T10:31:54","modified_gmt":"2019-03-13T09:31:54","slug":"canne-de-soiree","status":"publish","type":"product","link":"https:\/\/hakaora.com\/en\/product\/canne-de-soiree\/","title":{"rendered":"Ladies cane"},"content":{"rendered":"<p>El\u00e9gante canne de soir\u00e9e. le haute de la canne est en \u00e9caille de tortue et le pommeau en porcelaine.<\/p>","protected":false},"excerpt":{"rendered":"<p>C 3<\/p>","protected":false},"featured_media":911,"template":"","meta":[],"product_brand":[],"product_cat":[48,74],"product_tag":[],"class_list":{"0":"post-394","1":"product","2":"type-product","3":"status-publish","4":"has-post-thumbnail","6":"product_cat-autres-pommeaux","7":"product_cat-c-3-250-a-350-e","9":"first","10":"instock","11":"shipping-taxable","12":"purchasable","13":"product-type-simple"},"_links":{"self":[{"href":"https:\/\/hakaora.com\/en\/wp-json\/wp\/v2\/product\/394","targetHints":{"allow":["GET"]}}],"collection":[{"href":"https:\/\/hakaora.com\/en\/wp-json\/wp\/v2\/product"}],"about":[{"href":"https:\/\/hakaora.com\/en\/wp-json\/wp\/v2\/types\/product"}],"version-history":[{"count":2,"href":"https:\/\/hakaora.com\/en\/wp-json\/wp\/v2\/product\/394\/revisions"}],"predecessor-version":[{"id":1731,"href":"https:\/\/hakaora.com\/en\/wp-json\/wp\/v2\/product\/394\/revisions\/1731"}],"wp:featuredmedia":[{"embeddable":true,"href":"https:\/\/hakaora.com\/en\/wp-json\/wp\/v2\/media\/911"}],"wp:attachment":[{"href":"https:\/\/hakaora.com\/en\/wp-json\/wp\/v2\/media?parent=394"}],"wp:term":[{"taxonomy":"product_brand","embeddable":true,"href":"https:\/\/hakaora.com\/en\/wp-json\/wp\/v2\/product_brand?post=394"},{"taxonomy":"product_cat","embeddable":true,"href":"https:\/\/hakaora.com\/en\/wp-json\/wp\/v2\/product_cat?post=394"},{"taxonomy":"product_tag","embeddable":true,"href":"https:\/\/hakaora.com\/en\/wp-json\/wp\/v2\/product_tag?post=394"}],"curies":[{"name":"wp","href":"https:\/\/api.w.org\/{rel}","templated":true}]}}