{"id":399,"date":"2018-09-05T11:31:02","date_gmt":"2018-09-05T09:31:02","guid":{"rendered":"https:\/\/hakaora.com\/?post_type=product&#038;p=399"},"modified":"2019-03-13T10:32:06","modified_gmt":"2019-03-13T09:32:06","slug":"canne-animaliere-tete-de-chien","status":"publish","type":"product","link":"https:\/\/hakaora.com\/en\/product\/canne-animaliere-tete-de-chien\/","title":{"rendered":"Dog head cane"},"content":{"rendered":"<p>Malheureusement les yeux en sulfure d&rsquo;origine ont \u00e9t\u00e9 remplac\u00e9s<\/p>","protected":false},"excerpt":{"rendered":"<p>C 1<\/p>","protected":false},"featured_media":910,"template":"","meta":[],"product_brand":[],"product_cat":[72,27,28],"product_tag":[],"class_list":{"0":"post-399","1":"product","2":"type-product","3":"status-publish","4":"has-post-thumbnail","6":"product_cat-c-1-50-a-150-e","7":"product_cat-cannes-animalieres","8":"product_cat-cannes-dart-populaire","10":"first","11":"instock","12":"shipping-taxable","13":"purchasable","14":"product-type-simple"},"_links":{"self":[{"href":"https:\/\/hakaora.com\/en\/wp-json\/wp\/v2\/product\/399","targetHints":{"allow":["GET"]}}],"collection":[{"href":"https:\/\/hakaora.com\/en\/wp-json\/wp\/v2\/product"}],"about":[{"href":"https:\/\/hakaora.com\/en\/wp-json\/wp\/v2\/types\/product"}],"version-history":[{"count":2,"href":"https:\/\/hakaora.com\/en\/wp-json\/wp\/v2\/product\/399\/revisions"}],"predecessor-version":[{"id":1732,"href":"https:\/\/hakaora.com\/en\/wp-json\/wp\/v2\/product\/399\/revisions\/1732"}],"wp:featuredmedia":[{"embeddable":true,"href":"https:\/\/hakaora.com\/en\/wp-json\/wp\/v2\/media\/910"}],"wp:attachment":[{"href":"https:\/\/hakaora.com\/en\/wp-json\/wp\/v2\/media?parent=399"}],"wp:term":[{"taxonomy":"product_brand","embeddable":true,"href":"https:\/\/hakaora.com\/en\/wp-json\/wp\/v2\/product_brand?post=399"},{"taxonomy":"product_cat","embeddable":true,"href":"https:\/\/hakaora.com\/en\/wp-json\/wp\/v2\/product_cat?post=399"},{"taxonomy":"product_tag","embeddable":true,"href":"https:\/\/hakaora.com\/en\/wp-json\/wp\/v2\/product_tag?post=399"}],"curies":[{"name":"wp","href":"https:\/\/api.w.org\/{rel}","templated":true}]}}