{"id":416,"date":"2018-09-05T11:39:20","date_gmt":"2018-09-05T09:39:20","guid":{"rendered":"https:\/\/hakaora.com\/?post_type=product&#038;p=416"},"modified":"2019-03-13T10:32:38","modified_gmt":"2019-03-13T09:32:38","slug":"canne-tete-4-faces","status":"publish","type":"product","link":"https:\/\/hakaora.com\/en\/product\/canne-tete-4-faces\/","title":{"rendered":"4 faces pommel"},"content":{"rendered":"<p>Pommeau en laiton. Je suspecte un montage r\u00e9cent, mais le laiton \u00e9tait tr\u00e8s utilis\u00e9 en Angleterre au XIX, alors ?<\/p>","protected":false},"excerpt":{"rendered":"<p>C 1<\/p>","protected":false},"featured_media":907,"template":"","meta":[],"product_brand":[],"product_cat":[72,29],"product_tag":[],"class_list":{"0":"post-416","1":"product","2":"type-product","3":"status-publish","4":"has-post-thumbnail","6":"product_cat-c-1-50-a-150-e","7":"product_cat-cannes-divers","9":"first","10":"instock","11":"shipping-taxable","12":"purchasable","13":"product-type-simple"},"_links":{"self":[{"href":"https:\/\/hakaora.com\/en\/wp-json\/wp\/v2\/product\/416","targetHints":{"allow":["GET"]}}],"collection":[{"href":"https:\/\/hakaora.com\/en\/wp-json\/wp\/v2\/product"}],"about":[{"href":"https:\/\/hakaora.com\/en\/wp-json\/wp\/v2\/types\/product"}],"version-history":[{"count":2,"href":"https:\/\/hakaora.com\/en\/wp-json\/wp\/v2\/product\/416\/revisions"}],"predecessor-version":[{"id":1735,"href":"https:\/\/hakaora.com\/en\/wp-json\/wp\/v2\/product\/416\/revisions\/1735"}],"wp:featuredmedia":[{"embeddable":true,"href":"https:\/\/hakaora.com\/en\/wp-json\/wp\/v2\/media\/907"}],"wp:attachment":[{"href":"https:\/\/hakaora.com\/en\/wp-json\/wp\/v2\/media?parent=416"}],"wp:term":[{"taxonomy":"product_brand","embeddable":true,"href":"https:\/\/hakaora.com\/en\/wp-json\/wp\/v2\/product_brand?post=416"},{"taxonomy":"product_cat","embeddable":true,"href":"https:\/\/hakaora.com\/en\/wp-json\/wp\/v2\/product_cat?post=416"},{"taxonomy":"product_tag","embeddable":true,"href":"https:\/\/hakaora.com\/en\/wp-json\/wp\/v2\/product_tag?post=416"}],"curies":[{"name":"wp","href":"https:\/\/api.w.org\/{rel}","templated":true}]}}