{"id":436,"date":"2018-09-05T11:47:10","date_gmt":"2018-09-05T09:47:10","guid":{"rendered":"https:\/\/hakaora.com\/?post_type=product&#038;p=436"},"modified":"2019-03-13T10:33:18","modified_gmt":"2019-03-13T09:33:18","slug":"canne-art-deco-2","status":"publish","type":"product","link":"https:\/\/hakaora.com\/en\/product\/canne-art-deco-2\/","title":{"rendered":"Art deco cane"},"content":{"rendered":"<p>Typique de l&rsquo;\u00e9poque Art D\u00e9co cette canne a un fut carr\u00e9 et un pommeau en corne<\/p>","protected":false},"excerpt":{"rendered":"<p>C 1<\/p>","protected":false},"featured_media":903,"template":"","meta":[],"product_brand":[],"product_cat":[72,44],"product_tag":[],"class_list":{"0":"post-436","1":"product","2":"type-product","3":"status-publish","4":"has-post-thumbnail","6":"product_cat-c-1-50-a-150-e","7":"product_cat-pommeau-en-corne","9":"first","10":"instock","11":"shipping-taxable","12":"purchasable","13":"product-type-simple"},"_links":{"self":[{"href":"https:\/\/hakaora.com\/en\/wp-json\/wp\/v2\/product\/436","targetHints":{"allow":["GET"]}}],"collection":[{"href":"https:\/\/hakaora.com\/en\/wp-json\/wp\/v2\/product"}],"about":[{"href":"https:\/\/hakaora.com\/en\/wp-json\/wp\/v2\/types\/product"}],"version-history":[{"count":2,"href":"https:\/\/hakaora.com\/en\/wp-json\/wp\/v2\/product\/436\/revisions"}],"predecessor-version":[{"id":1739,"href":"https:\/\/hakaora.com\/en\/wp-json\/wp\/v2\/product\/436\/revisions\/1739"}],"wp:featuredmedia":[{"embeddable":true,"href":"https:\/\/hakaora.com\/en\/wp-json\/wp\/v2\/media\/903"}],"wp:attachment":[{"href":"https:\/\/hakaora.com\/en\/wp-json\/wp\/v2\/media?parent=436"}],"wp:term":[{"taxonomy":"product_brand","embeddable":true,"href":"https:\/\/hakaora.com\/en\/wp-json\/wp\/v2\/product_brand?post=436"},{"taxonomy":"product_cat","embeddable":true,"href":"https:\/\/hakaora.com\/en\/wp-json\/wp\/v2\/product_cat?post=436"},{"taxonomy":"product_tag","embeddable":true,"href":"https:\/\/hakaora.com\/en\/wp-json\/wp\/v2\/product_tag?post=436"}],"curies":[{"name":"wp","href":"https:\/\/api.w.org\/{rel}","templated":true}]}}