{"id":451,"date":"2018-09-05T12:00:32","date_gmt":"2018-09-05T10:00:32","guid":{"rendered":"https:\/\/hakaora.com\/?post_type=product&#038;p=451"},"modified":"2019-03-13T10:33:53","modified_gmt":"2019-03-13T09:33:53","slug":"canne-sunday-club","status":"publish","type":"product","link":"https:\/\/hakaora.com\/en\/product\/canne-sunday-club\/","title":{"rendered":"Sunday club"},"content":{"rendered":"<p>Les cannes sunday club, sous l&rsquo;allure de cannes traditionnelles, \u00e9taient utilis\u00e9e le jour du sabbat lorsque la pratique du golf \u00e9tait prohib\u00e9e.<\/p>\n<p>Celle ci dispose d&rsquo;un pommeau gain\u00e9 de cuir.<\/p>","protected":false},"excerpt":{"rendered":"<p>C 2<\/p>","protected":false},"featured_media":900,"template":"","meta":[],"product_brand":[],"product_cat":[49,73],"product_tag":[],"class_list":{"0":"post-451","1":"product","2":"type-product","3":"status-publish","4":"has-post-thumbnail","6":"product_cat-autres-systemes","7":"product_cat-c-2-150-a-250-e","9":"first","10":"instock","11":"shipping-taxable","12":"purchasable","13":"product-type-simple"},"_links":{"self":[{"href":"https:\/\/hakaora.com\/en\/wp-json\/wp\/v2\/product\/451","targetHints":{"allow":["GET"]}}],"collection":[{"href":"https:\/\/hakaora.com\/en\/wp-json\/wp\/v2\/product"}],"about":[{"href":"https:\/\/hakaora.com\/en\/wp-json\/wp\/v2\/types\/product"}],"version-history":[{"count":2,"href":"https:\/\/hakaora.com\/en\/wp-json\/wp\/v2\/product\/451\/revisions"}],"predecessor-version":[{"id":1743,"href":"https:\/\/hakaora.com\/en\/wp-json\/wp\/v2\/product\/451\/revisions\/1743"}],"wp:featuredmedia":[{"embeddable":true,"href":"https:\/\/hakaora.com\/en\/wp-json\/wp\/v2\/media\/900"}],"wp:attachment":[{"href":"https:\/\/hakaora.com\/en\/wp-json\/wp\/v2\/media?parent=451"}],"wp:term":[{"taxonomy":"product_brand","embeddable":true,"href":"https:\/\/hakaora.com\/en\/wp-json\/wp\/v2\/product_brand?post=451"},{"taxonomy":"product_cat","embeddable":true,"href":"https:\/\/hakaora.com\/en\/wp-json\/wp\/v2\/product_cat?post=451"},{"taxonomy":"product_tag","embeddable":true,"href":"https:\/\/hakaora.com\/en\/wp-json\/wp\/v2\/product_tag?post=451"}],"curies":[{"name":"wp","href":"https:\/\/api.w.org\/{rel}","templated":true}]}}