{"id":457,"date":"2018-09-05T12:08:25","date_gmt":"2018-09-05T10:08:25","guid":{"rendered":"https:\/\/hakaora.com\/?post_type=product&#038;p=457"},"modified":"2019-03-13T10:34:05","modified_gmt":"2019-03-13T09:34:05","slug":"canne-promeneur","status":"publish","type":"product","link":"https:\/\/hakaora.com\/en\/product\/canne-promeneur\/","title":{"rendered":"Gentleman cane"},"content":{"rendered":"<p>Sous le pommeau en os on voit des encoches.<\/p>\n<p>En Angleterre l&rsquo;acc\u00e8s au champs se fait souvent par des portails, les encoches servaient \u00e0 agripper le syst\u00e8me d&rsquo;ouverture avec sa canne.<\/p>\n<p>La solide ferrule confirme son usage campagnard.<\/p>","protected":false},"excerpt":{"rendered":"<p>C 1<\/p>","protected":false},"featured_media":899,"template":"","meta":[],"product_brand":[],"product_cat":[72,51],"product_tag":[],"class_list":{"0":"post-457","1":"product","2":"type-product","3":"status-publish","4":"has-post-thumbnail","6":"product_cat-c-1-50-a-150-e","7":"product_cat-pommeau-en-os","9":"first","10":"instock","11":"shipping-taxable","12":"purchasable","13":"product-type-simple"},"_links":{"self":[{"href":"https:\/\/hakaora.com\/en\/wp-json\/wp\/v2\/product\/457","targetHints":{"allow":["GET"]}}],"collection":[{"href":"https:\/\/hakaora.com\/en\/wp-json\/wp\/v2\/product"}],"about":[{"href":"https:\/\/hakaora.com\/en\/wp-json\/wp\/v2\/types\/product"}],"version-history":[{"count":3,"href":"https:\/\/hakaora.com\/en\/wp-json\/wp\/v2\/product\/457\/revisions"}],"predecessor-version":[{"id":1701,"href":"https:\/\/hakaora.com\/en\/wp-json\/wp\/v2\/product\/457\/revisions\/1701"}],"wp:featuredmedia":[{"embeddable":true,"href":"https:\/\/hakaora.com\/en\/wp-json\/wp\/v2\/media\/899"}],"wp:attachment":[{"href":"https:\/\/hakaora.com\/en\/wp-json\/wp\/v2\/media?parent=457"}],"wp:term":[{"taxonomy":"product_brand","embeddable":true,"href":"https:\/\/hakaora.com\/en\/wp-json\/wp\/v2\/product_brand?post=457"},{"taxonomy":"product_cat","embeddable":true,"href":"https:\/\/hakaora.com\/en\/wp-json\/wp\/v2\/product_cat?post=457"},{"taxonomy":"product_tag","embeddable":true,"href":"https:\/\/hakaora.com\/en\/wp-json\/wp\/v2\/product_tag?post=457"}],"curies":[{"name":"wp","href":"https:\/\/api.w.org\/{rel}","templated":true}]}}