{"id":498,"date":"2018-09-05T12:24:23","date_gmt":"2018-09-05T10:24:23","guid":{"rendered":"https:\/\/hakaora.com\/?post_type=product&#038;p=498"},"modified":"2019-03-13T10:26:21","modified_gmt":"2019-03-13T09:26:21","slug":"canne-de-marin-3","status":"publish","type":"product","link":"https:\/\/hakaora.com\/en\/product\/canne-de-marin-3\/","title":{"rendered":"Sailor cane"},"content":{"rendered":"<p>Traditionnelle canne de marin r\u00e9alis\u00e9e en vert\u00e8bres de c\u00e9tac\u00e9s et munie d&rsquo;un pommeau en corne.<\/p>","protected":false},"excerpt":{"rendered":"<p>C 4<\/p>","protected":false},"featured_media":891,"template":"","meta":[],"product_brand":[],"product_cat":[75,28,39],"product_tag":[],"class_list":{"0":"post-498","1":"product","2":"type-product","3":"status-publish","4":"has-post-thumbnail","6":"product_cat-c-4-350-a-500-e","7":"product_cat-cannes-dart-populaire","8":"product_cat-cannes-de-defense","10":"first","11":"instock","12":"shipping-taxable","13":"purchasable","14":"product-type-simple"},"_links":{"self":[{"href":"https:\/\/hakaora.com\/en\/wp-json\/wp\/v2\/product\/498","targetHints":{"allow":["GET"]}}],"collection":[{"href":"https:\/\/hakaora.com\/en\/wp-json\/wp\/v2\/product"}],"about":[{"href":"https:\/\/hakaora.com\/en\/wp-json\/wp\/v2\/types\/product"}],"version-history":[{"count":2,"href":"https:\/\/hakaora.com\/en\/wp-json\/wp\/v2\/product\/498\/revisions"}],"predecessor-version":[{"id":1707,"href":"https:\/\/hakaora.com\/en\/wp-json\/wp\/v2\/product\/498\/revisions\/1707"}],"wp:featuredmedia":[{"embeddable":true,"href":"https:\/\/hakaora.com\/en\/wp-json\/wp\/v2\/media\/891"}],"wp:attachment":[{"href":"https:\/\/hakaora.com\/en\/wp-json\/wp\/v2\/media?parent=498"}],"wp:term":[{"taxonomy":"product_brand","embeddable":true,"href":"https:\/\/hakaora.com\/en\/wp-json\/wp\/v2\/product_brand?post=498"},{"taxonomy":"product_cat","embeddable":true,"href":"https:\/\/hakaora.com\/en\/wp-json\/wp\/v2\/product_cat?post=498"},{"taxonomy":"product_tag","embeddable":true,"href":"https:\/\/hakaora.com\/en\/wp-json\/wp\/v2\/product_tag?post=498"}],"curies":[{"name":"wp","href":"https:\/\/api.w.org\/{rel}","templated":true}]}}